{"id":11,"date":"2024-01-09T20:55:37","date_gmt":"2024-01-09T20:55:37","guid":{"rendered":"https:\/\/rzdev2.mishumi.com\/index.php\/cart\/"},"modified":"2025-11-16T10:48:38","modified_gmt":"2025-11-16T09:48:38","slug":"cart","status":"publish","type":"page","link":"https:\/\/www.mishumi.com\/de\/cart\/","title":{"rendered":"Einkaufswagen"},"content":{"rendered":"<div data-elementor-type=\"wp-page\" data-elementor-id=\"11\" class=\"elementor elementor-11\">\n\t\t\t\t<div class=\"elementor-element elementor-element-674607f3 e-flex e-con-boxed e-con e-parent\" data-id=\"674607f3\" data-element_type=\"container\">\n\t\t\t\t\t<div class=\"e-con-inner\">\n\t\t\t\t<div class=\"elementor-element elementor-element-7e11ddf1 elementor-widget elementor-widget-text-editor\" data-id=\"7e11ddf1\" data-element_type=\"widget\" data-widget_type=\"text-editor.default\">\n\t\t\t\t<div class=\"elementor-widget-container\">\n\t\t\t\t\t\t\t\t\t\n<div data-block-name=\"woocommerce\/cart\" class=\"wp-block-woocommerce-cart alignwide is-loading\">\n<div data-block-name=\"woocommerce\/filled-cart-block\" class=\"wp-block-woocommerce-filled-cart-block\">\n<div data-block-name=\"woocommerce\/cart-items-block\" class=\"wp-block-woocommerce-cart-items-block\">\n<p class=\"translation-block\">Hinweis: Alle Artikel werden speziell f\u00fcr dich angefertigt! Bitte \u00fcberpr\u00fcfe die <u><a href=\"https:\/\/www.mishumi.com\/de\/size-guide\/\" data-type=\"page\" data-id=\"12778\" target=\"_self\">Gro\u00dfentabelle<\/a><\/u> sorgf\u00e4ltig, um die perfekte Passform zu gew\u00e4hrleisten.<\/p>\n\n<div data-block-name=\"woocommerce\/cart-line-items-block\" class=\"wp-block-woocommerce-cart-line-items-block\">\u00a0<\/div>\n\n<div data-block-name=\"woocommerce\/cart-cross-sells-block\" class=\"wp-block-woocommerce-cart-cross-sells-block\">\n<h2 class=\"wp-block-heading has-large-font-size\">You may be interested in\u2026<\/h2>\n\n<div data-block-name=\"woocommerce\/cart-cross-sells-products-block\" class=\"wp-block-woocommerce-cart-cross-sells-products-block\">\u00a0<\/div>\n<\/div>\n<\/div>\n\n<div data-block-name=\"woocommerce\/cart-totals-block\" class=\"wp-block-woocommerce-cart-totals-block\">\n<div data-block-name=\"woocommerce\/cart-order-summary-block\" class=\"wp-block-woocommerce-cart-order-summary-block\">\n<div data-block-name=\"woocommerce\/cart-order-summary-heading-block\" class=\"wp-block-woocommerce-cart-order-summary-heading-block\">\u00a0<\/div>\n\n<div data-block-name=\"woocommerce\/cart-order-summary-coupon-form-block\" class=\"wp-block-woocommerce-cart-order-summary-coupon-form-block\">\u00a0<\/div>\n\n<div data-block-name=\"woocommerce\/cart-order-summary-totals-block\" class=\"wp-block-woocommerce-cart-order-summary-totals-block\">\n<div data-block-name=\"woocommerce\/cart-order-summary-subtotal-block\" class=\"wp-block-woocommerce-cart-order-summary-subtotal-block\">\u00a0<\/div>\n\n<div data-block-name=\"woocommerce\/cart-order-summary-fee-block\" class=\"wp-block-woocommerce-cart-order-summary-fee-block\">\u00a0<\/div>\n\n<div data-block-name=\"woocommerce\/cart-order-summary-discount-block\" class=\"wp-block-woocommerce-cart-order-summary-discount-block\">\u00a0<\/div>\n\n<div data-block-name=\"woocommerce\/cart-order-summary-shipping-block\" class=\"wp-block-woocommerce-cart-order-summary-shipping-block\">\u00a0<\/div>\n\n<div data-block-name=\"woocommerce\/cart-order-summary-taxes-block\" class=\"wp-block-woocommerce-cart-order-summary-taxes-block\">\u00a0<\/div>\n<\/div>\n<\/div>\n\n<div data-block-name=\"woocommerce\/cart-express-payment-block\" class=\"wp-block-woocommerce-cart-express-payment-block\">\u00a0<\/div>\n\n<div data-block-name=\"woocommerce\/proceed-to-checkout-block\" class=\"wp-block-woocommerce-proceed-to-checkout-block\">\u00a0<\/div>\n\n<div data-block-name=\"woocommerce\/cart-accepted-payment-methods-block\" class=\"wp-block-woocommerce-cart-accepted-payment-methods-block\">\u00a0<\/div>\n<\/div>\n<\/div>\n\n<div data-block-name=\"woocommerce\/empty-cart-block\" class=\"wp-block-woocommerce-empty-cart-block\">\n<h2 class=\"wp-block-heading has-text-align-center with-empty-cart-icon wc-block-cart__empty-cart__title\">Your cart is currently empty!<\/h2>\n<hr class=\"wp-block-separator has-alpha-channel-opacity is-style-dots\" \/>\n<h2 class=\"wp-block-heading has-text-align-center\">New in store<\/h2>\n<div data-block-name=\"woocommerce\/product-new\" data-columns=\"4\" data-rows=\"1\" class=\"wc-block-grid wp-block-product-new wp-block-woocommerce-product-new wc-block-product-new has-4-columns\"><ul class=\"wc-block-grid__products\"><li class=\"wc-block-grid__product\">\n\t\t\t\t<a href=\"https:\/\/www.mishumi.com\/de\/shop\/unisex-essential-eco-hoodie\/\" class=\"wc-block-grid__product-link\">\n\t\t\t\t\t\n\t\t\t\t\t<div class=\"wc-block-grid__product-image\"><picture><source srcset=\"https:\/\/www.mishumi.com\/wp-content\/webp-express\/webp-images\/uploads\/2025\/12\/unisex-essential-eco-hoodie-white-front-692f1f7c8890e-900x1050.jpg.webp 900w, https:\/\/www.mishumi.com\/wp-content\/webp-express\/webp-images\/uploads\/2025\/12\/unisex-essential-eco-hoodie-white-front-692f1f7c8890e-130x152.jpg.webp 130w\" sizes=\"(max-width: 900px) 100vw, 900px\" type=\"image\/webp\"><img fetchpriority=\"high\" decoding=\"async\" width=\"900\" height=\"1050\" src=\"https:\/\/www.mishumi.com\/wp-content\/uploads\/2025\/12\/unisex-essential-eco-hoodie-white-front-692f1f7c8890e-900x1050.jpg\" class=\"attachment-woocommerce_thumbnail size-woocommerce_thumbnail webpexpress-processed\" alt=\"Unisex essential eco hoodie\" srcset=\"https:\/\/www.mishumi.com\/wp-content\/uploads\/2025\/12\/unisex-essential-eco-hoodie-white-front-692f1f7c8890e-900x1050.jpg 900w, https:\/\/www.mishumi.com\/wp-content\/uploads\/2025\/12\/unisex-essential-eco-hoodie-white-front-692f1f7c8890e-130x152.jpg 130w\" sizes=\"(max-width: 900px) 100vw, 900px\"><\/picture><\/div>\n\t\t\t\t\t<div class=\"wc-block-grid__product-title\">Unisex essential eco hoodie<\/div>\n\t\t\t\t<\/a>\n\t\t\t\t<div class=\"wc-block-grid__product-price price\"><span class=\"wcpbc-price wcpbc-price-13524\" data-product-id=\"13524\"><span class=\"woocommerce-Price-amount amount\">69,99&nbsp;<span class=\"woocommerce-Price-currencySymbol\">&euro;<\/span><\/span><\/span><\/div>\n\t\t\t\t\n\t\t\t\t<div class=\"wp-block-button wc-block-grid__product-add-to-cart\"><a href=\"https:\/\/www.mishumi.com\/de\/shop\/unisex-essential-eco-hoodie\/\" aria-label=\"Select options for \u201cUnisex essential eco hoodie\u201d\" data-quantity=\"1\" data-product_id=\"13524\" data-product_sku=\"\" data-price=\"69.99\" rel=\"nofollow\" class=\"wp-block-button__link  add_to_cart_button\" data-no-translation=\"\" data-trp-gettext=\"\" data-no-translation-aria-label=\"\">Option Wahlen<\/a><\/div>\n\t\t\t<\/li><li class=\"wc-block-grid__product\">\n\t\t\t\t<a href=\"https:\/\/www.mishumi.com\/de\/shop\/leave-me-alone-hoodie\/\" class=\"wc-block-grid__product-link\">\n\t\t\t\t\t\n\t\t\t\t\t<div class=\"wc-block-grid__product-image\"><picture><source srcset=\"https:\/\/www.mishumi.com\/wp-content\/webp-express\/webp-images\/uploads\/2025\/07\/unisex-essential-eco-hoodie-white-front-68767b975f980-900x1050.jpg.webp 900w, https:\/\/www.mishumi.com\/wp-content\/webp-express\/webp-images\/uploads\/2025\/07\/unisex-essential-eco-hoodie-white-front-68767b975f980-130x152.jpg.webp 130w\" sizes=\"(max-width: 900px) 100vw, 900px\" type=\"image\/webp\"><img decoding=\"async\" width=\"900\" height=\"1050\" src=\"https:\/\/www.mishumi.com\/wp-content\/uploads\/2025\/07\/unisex-essential-eco-hoodie-white-front-68767b975f980-900x1050.jpg\" class=\"attachment-woocommerce_thumbnail size-woocommerce_thumbnail webpexpress-processed\" alt=\"hoodie-to-rrelax\" srcset=\"https:\/\/www.mishumi.com\/wp-content\/uploads\/2025\/07\/unisex-essential-eco-hoodie-white-front-68767b975f980-900x1050.jpg 900w, https:\/\/www.mishumi.com\/wp-content\/uploads\/2025\/07\/unisex-essential-eco-hoodie-white-front-68767b975f980-130x152.jpg 130w\" sizes=\"(max-width: 900px) 100vw, 900px\"><\/picture><\/div>\n\t\t\t\t\t<div class=\"wc-block-grid__product-title\">\ud83d\udda4 leavemealone Hoodie<\/div>\n\t\t\t\t<\/a>\n\t\t\t\t<div class=\"wc-block-grid__product-price price\"><span class=\"wcpbc-price wcpbc-price-13394\" data-product-id=\"13394\"><span class=\"woocommerce-Price-amount amount\">65,00&nbsp;<span class=\"woocommerce-Price-currencySymbol\">&euro;<\/span><\/span><\/span><\/div>\n\t\t\t\t\n\t\t\t\t<div class=\"wp-block-button wc-block-grid__product-add-to-cart\"><a href=\"https:\/\/www.mishumi.com\/de\/shop\/leave-me-alone-hoodie\/\" aria-label=\"Select options for \u201c\ud83d\udda4 leavemealone Hoodie\u201d\" data-quantity=\"1\" data-product_id=\"13394\" data-product_sku=\"\" data-price=\"65\" rel=\"nofollow\" class=\"wp-block-button__link  add_to_cart_button\" data-no-translation=\"\" data-trp-gettext=\"\" data-no-translation-aria-label=\"\">Option Wahlen<\/a><\/div>\n\t\t\t<\/li><li class=\"wc-block-grid__product\">\n\t\t\t\t<a href=\"https:\/\/www.mishumi.com\/de\/shop\/chill-mode-activated\/\" class=\"wc-block-grid__product-link\">\n\t\t\t\t\t\n\t\t\t\t\t<div class=\"wc-block-grid__product-image\"><picture><source srcset=\"https:\/\/www.mishumi.com\/wp-content\/webp-express\/webp-images\/uploads\/2024\/12\/unisex-essential-eco-hoodie-white-front-6756156476541-900x1050.jpg.webp 900w, https:\/\/www.mishumi.com\/wp-content\/webp-express\/webp-images\/uploads\/2024\/12\/unisex-essential-eco-hoodie-white-front-6756156476541-130x152.jpg.webp 130w\" sizes=\"(max-width: 900px) 100vw, 900px\" type=\"image\/webp\"><img decoding=\"async\" width=\"900\" height=\"1050\" src=\"https:\/\/www.mishumi.com\/wp-content\/uploads\/2024\/12\/unisex-essential-eco-hoodie-white-front-6756156476541-900x1050.jpg\" class=\"attachment-woocommerce_thumbnail size-woocommerce_thumbnail webpexpress-processed\" alt=\"Comfy hoodie with 'Chill Mode: Activated' print, perfect for relaxation and lazy days\" srcset=\"https:\/\/www.mishumi.com\/wp-content\/uploads\/2024\/12\/unisex-essential-eco-hoodie-white-front-6756156476541-900x1050.jpg 900w, https:\/\/www.mishumi.com\/wp-content\/uploads\/2024\/12\/unisex-essential-eco-hoodie-white-front-6756156476541-130x152.jpg 130w\" sizes=\"(max-width: 900px) 100vw, 900px\"><\/picture><\/div>\n\t\t\t\t\t<div class=\"wc-block-grid__product-title\">Chill Mode: Activated<\/div>\n\t\t\t\t<\/a>\n\t\t\t\t<div class=\"wc-block-grid__product-price price\"><span class=\"wcpbc-price wcpbc-price-12942\" data-product-id=\"12942\"><span class=\"woocommerce-Price-amount amount\">69,99&nbsp;<span class=\"woocommerce-Price-currencySymbol\">&euro;<\/span><\/span><\/span><\/div>\n\t\t\t\t\n\t\t\t\t<div class=\"wp-block-button wc-block-grid__product-add-to-cart\"><a href=\"https:\/\/www.mishumi.com\/de\/shop\/chill-mode-activated\/\" aria-label=\"Select options for \u201cChill Mode: Activated\u201d\" data-quantity=\"1\" data-product_id=\"12942\" data-product_sku=\"\" data-price=\"69.99\" rel=\"nofollow\" class=\"wp-block-button__link  add_to_cart_button\" data-no-translation=\"\" data-trp-gettext=\"\" data-no-translation-aria-label=\"\">Option Wahlen<\/a><\/div>\n\t\t\t<\/li><li class=\"wc-block-grid__product\">\n\t\t\t\t<a href=\"https:\/\/www.mishumi.com\/de\/shop\/homebodys\/\" class=\"wc-block-grid__product-link\">\n\t\t\t\t\t\n\t\t\t\t\t<div class=\"wc-block-grid__product-image\"><picture><source srcset=\"https:\/\/www.mishumi.com\/wp-content\/webp-express\/webp-images\/uploads\/2024\/12\/unisex-essential-eco-hoodie-white-front-6756124670d53-900x1050.jpg.webp 900w, https:\/\/www.mishumi.com\/wp-content\/webp-express\/webp-images\/uploads\/2024\/12\/unisex-essential-eco-hoodie-white-front-6756124670d53-130x152.jpg.webp 130w\" sizes=\"(max-width: 900px) 100vw, 900px\" type=\"image\/webp\"><img loading=\"lazy\" decoding=\"async\" width=\"900\" height=\"1050\" src=\"https:\/\/www.mishumi.com\/wp-content\/uploads\/2024\/12\/unisex-essential-eco-hoodie-white-front-6756124670d53-900x1050.jpg\" class=\"attachment-woocommerce_thumbnail size-woocommerce_thumbnail webpexpress-processed\" alt=\"Ultra-soft hoodie with 'Homebody' print, designed for those who love cozy days indoors, white\" srcset=\"https:\/\/www.mishumi.com\/wp-content\/uploads\/2024\/12\/unisex-essential-eco-hoodie-white-front-6756124670d53-900x1050.jpg 900w, https:\/\/www.mishumi.com\/wp-content\/uploads\/2024\/12\/unisex-essential-eco-hoodie-white-front-6756124670d53-130x152.jpg 130w\" sizes=\"(max-width: 900px) 100vw, 900px\"><\/picture><\/div>\n\t\t\t\t\t<div class=\"wc-block-grid__product-title\">HOMEBODY's<\/div>\n\t\t\t\t<\/a>\n\t\t\t\t<div class=\"wc-block-grid__product-price price\"><span class=\"wcpbc-price wcpbc-price-12924\" data-product-id=\"12924\"><span class=\"woocommerce-Price-amount amount\">74,49&nbsp;<span class=\"woocommerce-Price-currencySymbol\">&euro;<\/span><\/span><\/span><\/div>\n\t\t\t\t\n\t\t\t\t<div class=\"wp-block-button wc-block-grid__product-add-to-cart\"><a href=\"https:\/\/www.mishumi.com\/de\/shop\/homebodys\/\" aria-label=\"Select options for \u201cHOMEBODY&#039;s\u201d\" data-quantity=\"1\" data-product_id=\"12924\" data-product_sku=\"\" data-price=\"74.49\" rel=\"nofollow\" class=\"wp-block-button__link  add_to_cart_button\" data-no-translation=\"\" data-trp-gettext=\"\" data-no-translation-aria-label=\"\">Option Wahlen<\/a><\/div>\n\t\t\t<\/li><\/ul><\/div><\/div>\n<\/div>\n\n<p>\u00a0<\/p>\n\t\t\t\t\t\t\t\t<\/div>\n\t\t\t\t<\/div>\n\t\t\t\t\t<\/div>\n\t\t\t\t<\/div>\n\t\t\t\t<\/div>","protected":false},"excerpt":{"rendered":"<p>\u00a0<\/p>","protected":false},"author":1,"featured_media":0,"parent":0,"menu_order":0,"comment_status":"closed","ping_status":"closed","template":"","meta":{"footnotes":""},"class_list":["post-11","page","type-page","status-publish","hentry"],"yoast_head":"<!-- This site is optimized with the Yoast SEO plugin v26.3 - https:\/\/yoast.com\/wordpress\/plugins\/seo\/ -->\n<title>Cart - Mishumi<\/title>\n<meta name=\"robots\" content=\"noindex, follow, max-snippet:-1, max-image-preview:large, max-video-preview:-1\" \/>\n<meta property=\"og:locale\" content=\"de_DE\" \/>\n<meta property=\"og:type\" content=\"article\" \/>\n<meta property=\"og:title\" content=\"Cart - Mishumi\" \/>\n<meta property=\"og:description\" content=\"\u00a0\" \/>\n<meta property=\"og:url\" content=\"https:\/\/www.mishumi.com\/de\/cart\/\" \/>\n<meta property=\"og:site_name\" content=\"Mishumi\" \/>\n<meta property=\"article:modified_time\" content=\"2025-11-16T09:48:38+00:00\" \/>\n<meta name=\"twitter:card\" content=\"summary_large_image\" \/>\n<meta name=\"twitter:label1\" content=\"Est. reading time\" \/>\n\t<meta name=\"twitter:data1\" content=\"1\u00a0Minute\" \/>\n<script type=\"application\/ld+json\" class=\"yoast-schema-graph\">{\"@context\":\"https:\/\/schema.org\",\"@graph\":[{\"@type\":\"WebPage\",\"@id\":\"https:\/\/www.mishumi.com\/cart\/\",\"url\":\"https:\/\/www.mishumi.com\/cart\/\",\"name\":\"Cart - Mishumi\",\"isPartOf\":{\"@id\":\"https:\/\/www.mishumi.com\/#website\"},\"datePublished\":\"2024-01-09T20:55:37+00:00\",\"dateModified\":\"2025-11-16T09:48:38+00:00\",\"breadcrumb\":{\"@id\":\"https:\/\/www.mishumi.com\/cart\/#breadcrumb\"},\"inLanguage\":\"de\",\"potentialAction\":[{\"@type\":\"ReadAction\",\"target\":[\"https:\/\/www.mishumi.com\/cart\/\"]}]},{\"@type\":\"BreadcrumbList\",\"@id\":\"https:\/\/www.mishumi.com\/cart\/#breadcrumb\",\"itemListElement\":[{\"@type\":\"ListItem\",\"position\":1,\"name\":\"Home\",\"item\":\"https:\/\/www.mishumi.com\/\"},{\"@type\":\"ListItem\",\"position\":2,\"name\":\"Cart\"}]},{\"@type\":\"WebSite\",\"@id\":\"https:\/\/www.mishumi.com\/#website\",\"url\":\"https:\/\/www.mishumi.com\/\",\"name\":\"Mishumi\",\"description\":\"World of Hoodie Lovers\",\"publisher\":{\"@id\":\"https:\/\/www.mishumi.com\/#organization\"},\"potentialAction\":[{\"@type\":\"SearchAction\",\"target\":{\"@type\":\"EntryPoint\",\"urlTemplate\":\"https:\/\/www.mishumi.com\/?s={search_term_string}\"},\"query-input\":{\"@type\":\"PropertyValueSpecification\",\"valueRequired\":true,\"valueName\":\"search_term_string\"}}],\"inLanguage\":\"de\"},{\"@type\":\"Organization\",\"@id\":\"https:\/\/www.mishumi.com\/#organization\",\"name\":\"Mishumi\",\"url\":\"https:\/\/www.mishumi.com\/\",\"logo\":{\"@type\":\"ImageObject\",\"inLanguage\":\"de\",\"@id\":\"https:\/\/www.mishumi.com\/#\/schema\/logo\/image\/\",\"url\":\"https:\/\/www.mishumi.com\/wp-content\/uploads\/2024\/08\/Logo_Mishumi.png\",\"contentUrl\":\"https:\/\/www.mishumi.com\/wp-content\/uploads\/2024\/08\/Logo_Mishumi.png\",\"width\":643,\"height\":282,\"caption\":\"Mishumi\"},\"image\":{\"@id\":\"https:\/\/www.mishumi.com\/#\/schema\/logo\/image\/\"}}]}<\/script>\n<!-- \/ Yoast SEO plugin. -->","yoast_head_json":{"title":"Cart - Mishumi","robots":{"index":"noindex","follow":"follow","max-snippet":"max-snippet:-1","max-image-preview":"max-image-preview:large","max-video-preview":"max-video-preview:-1"},"og_locale":"de_DE","og_type":"article","og_title":"Cart - Mishumi","og_description":"\u00a0","og_url":"https:\/\/www.mishumi.com\/de\/cart\/","og_site_name":"Mishumi","article_modified_time":"2025-11-16T09:48:38+00:00","twitter_card":"summary_large_image","twitter_misc":{"Est. reading time":"1\u00a0Minute"},"schema":{"@context":"https:\/\/schema.org","@graph":[{"@type":"WebPage","@id":"https:\/\/www.mishumi.com\/cart\/","url":"https:\/\/www.mishumi.com\/cart\/","name":"Cart - Mishumi","isPartOf":{"@id":"https:\/\/www.mishumi.com\/#website"},"datePublished":"2024-01-09T20:55:37+00:00","dateModified":"2025-11-16T09:48:38+00:00","breadcrumb":{"@id":"https:\/\/www.mishumi.com\/cart\/#breadcrumb"},"inLanguage":"de","potentialAction":[{"@type":"ReadAction","target":["https:\/\/www.mishumi.com\/cart\/"]}]},{"@type":"BreadcrumbList","@id":"https:\/\/www.mishumi.com\/cart\/#breadcrumb","itemListElement":[{"@type":"ListItem","position":1,"name":"Home","item":"https:\/\/www.mishumi.com\/"},{"@type":"ListItem","position":2,"name":"Cart"}]},{"@type":"WebSite","@id":"https:\/\/www.mishumi.com\/#website","url":"https:\/\/www.mishumi.com\/","name":"Mishumi","description":"World of Hoodie Lovers","publisher":{"@id":"https:\/\/www.mishumi.com\/#organization"},"potentialAction":[{"@type":"SearchAction","target":{"@type":"EntryPoint","urlTemplate":"https:\/\/www.mishumi.com\/?s={search_term_string}"},"query-input":{"@type":"PropertyValueSpecification","valueRequired":true,"valueName":"search_term_string"}}],"inLanguage":"de"},{"@type":"Organization","@id":"https:\/\/www.mishumi.com\/#organization","name":"Mishumi","url":"https:\/\/www.mishumi.com\/","logo":{"@type":"ImageObject","inLanguage":"de","@id":"https:\/\/www.mishumi.com\/#\/schema\/logo\/image\/","url":"https:\/\/www.mishumi.com\/wp-content\/uploads\/2024\/08\/Logo_Mishumi.png","contentUrl":"https:\/\/www.mishumi.com\/wp-content\/uploads\/2024\/08\/Logo_Mishumi.png","width":643,"height":282,"caption":"Mishumi"},"image":{"@id":"https:\/\/www.mishumi.com\/#\/schema\/logo\/image\/"}}]}},"_links":{"self":[{"href":"https:\/\/www.mishumi.com\/de\/wp-json\/wp\/v2\/pages\/11","targetHints":{"allow":["GET"]}}],"collection":[{"href":"https:\/\/www.mishumi.com\/de\/wp-json\/wp\/v2\/pages"}],"about":[{"href":"https:\/\/www.mishumi.com\/de\/wp-json\/wp\/v2\/types\/page"}],"author":[{"embeddable":true,"href":"https:\/\/www.mishumi.com\/de\/wp-json\/wp\/v2\/users\/1"}],"replies":[{"embeddable":true,"href":"https:\/\/www.mishumi.com\/de\/wp-json\/wp\/v2\/comments?post=11"}],"version-history":[{"count":9,"href":"https:\/\/www.mishumi.com\/de\/wp-json\/wp\/v2\/pages\/11\/revisions"}],"predecessor-version":[{"id":13514,"href":"https:\/\/www.mishumi.com\/de\/wp-json\/wp\/v2\/pages\/11\/revisions\/13514"}],"wp:attachment":[{"href":"https:\/\/www.mishumi.com\/de\/wp-json\/wp\/v2\/media?parent=11"}],"curies":[{"name":"wp","href":"https:\/\/api.w.org\/{rel}","templated":true}]}}