{"id":12778,"date":"2024-11-28T11:47:01","date_gmt":"2024-11-28T11:47:01","guid":{"rendered":"https:\/\/rzdev2-st2-c1.mishumi.com\/?page_id=12778"},"modified":"2025-02-17T20:29:00","modified_gmt":"2025-02-17T19:29:00","slug":"size-guide","status":"publish","type":"page","link":"https:\/\/www.mishumi.com\/de\/size-guide\/","title":{"rendered":"Size guide"},"content":{"rendered":"<div data-elementor-type=\"wp-page\" data-elementor-id=\"12778\" class=\"elementor elementor-12778\">\n\t\t\t\t<div class=\"elementor-element elementor-element-556ec13a e-flex e-con-boxed e-con e-parent\" data-id=\"556ec13a\" data-element_type=\"container\">\n\t\t\t\t\t<div class=\"e-con-inner\">\n\t\t\t\t<div class=\"elementor-element elementor-element-49079237 elementor-widget elementor-widget-text-editor\" data-id=\"49079237\" data-element_type=\"widget\" data-widget_type=\"text-editor.default\">\n\t\t\t\t<div class=\"elementor-widget-container\">\n\t\t\t\t\t\t\t\t\t\n<blockquote class=\"wp-block-quote is-layout-flow wp-block-quote-is-layout-flow\">\n<p style=\"color: var(--rz-background-color-primary);\">Alle Artikel werden speziell f\u00fcr Sie angefertigt!<\/p>\n<p style=\"color: var(--rz-background-color-primary);\">Bitte \u00fcberpr\u00fcfen Sie die Gr\u00f6\u00dfentabelle noch einmal, um die perfekte Passform sicherzustellen.<\/p>\n<\/blockquote>\n\t\t\t\t\t\t\t\t<\/div>\n\t\t\t\t<\/div>\n\t\t\t\t<div class=\"elementor-element elementor-element-a4eb1ef elementor-widget elementor-widget-heading\" data-id=\"a4eb1ef\" data-element_type=\"widget\" data-widget_type=\"heading.default\">\n\t\t\t\t<div class=\"elementor-widget-container\">\n\t\t\t\t\t<h3 class=\"elementor-heading-title elementor-size-default\">Sich abmessen<\/h3>\t\t\t\t<\/div>\n\t\t\t\t<\/div>\n\t\t\t\t<div class=\"elementor-element elementor-element-d6ac9f2 elementor-widget elementor-widget-text-editor\" data-id=\"d6ac9f2\" data-element_type=\"widget\" data-widget_type=\"text-editor.default\">\n\t\t\t\t<div class=\"elementor-widget-container\">\n\t\t\t\t\t\t\t\t\t<p>Die Ma\u00dfe werden von den Lieferanten bereitgestellt.<\/p>\n<p><span style=\"text-align: var(--text-align); color: var(--rz-text-color); font-family: var(--rz-font-family-primary);\">Die Produktma\u00dfe k\u00f6nnen um bis zu 5 cm variieren.<\/span><\/p>\n<p><picture><source srcset=\"https:\/\/www.mishumi.com\/wp-content\/webp-express\/webp-images\/uploads\/2024\/08\/12664_model_size_guide-300x300.png.webp 300w, https:\/\/www.mishumi.com\/wp-content\/webp-express\/webp-images\/uploads\/2024\/08\/12664_model_size_guide-150x150.png.webp 150w, https:\/\/www.mishumi.com\/wp-content\/webp-express\/webp-images\/uploads\/2024\/08\/12664_model_size_guide-100x100.png.webp 100w, https:\/\/www.mishumi.com\/wp-content\/webp-express\/webp-images\/uploads\/2024\/08\/12664_model_size_guide.png.webp 344w\" sizes=\"(max-width: 300px) 100vw, 300px\" type=\"image\/webp\"><img fetchpriority=\"high\" decoding=\"async\" class=\"alignnone size-medium wp-image-12665 webpexpress-processed\" src=\"https:\/\/www.mishumi.com\/wp-content\/uploads\/2024\/08\/12664_model_size_guide-300x300.png\" alt=\"\" width=\"300\" height=\"300\" srcset=\"https:\/\/www.mishumi.com\/wp-content\/uploads\/2024\/08\/12664_model_size_guide-300x300.png 300w, https:\/\/www.mishumi.com\/wp-content\/uploads\/2024\/08\/12664_model_size_guide-150x150.png 150w, https:\/\/www.mishumi.com\/wp-content\/uploads\/2024\/08\/12664_model_size_guide-100x100.png 100w, https:\/\/www.mishumi.com\/wp-content\/uploads\/2024\/08\/12664_model_size_guide.png 344w\" sizes=\"(max-width: 300px) 100vw, 300px\"><\/picture><\/p>\n<p>A: L\u00e4nge<\/p>\n<p>Legen Sie das Ende eines Ma\u00dfbandes neben den Kragen oben am Kleidungsst\u00fcck (h\u00f6chster Punkt der Schulter). Ziehen Sie das Band bis zum unteren Ende des Kleidungsst\u00fccks.<\/p>\n<p>B: Brustkorb<\/p>\n<p>Messen Sie Ihren Brustumfang an der breitesten Stelle. Halten Sie das Ma\u00dfband dabei waagerecht.\u00a0<\/p>\n<p>C: \u00c4rmell\u00e4nge<\/p>\n<p>Legen Sie ein Ende des Ma\u00dfbandes oben an der eingesetzten \u00c4rmelkante an und ziehen Sie das Ma\u00dfband dann nach unten, bis Sie den Saum der \u00c4rmelkante erreichen.<\/p>\n<table border=\"1\">\n<tbody>\n<tr>\n<th>Gr\u00f6\u00dfe<\/th>\n<th>L\u00e4nge, cm<\/th>\n<th>\u00c4rmell\u00e4nge, cm<\/th>\n<th>Chest, cm<\/th>\n<\/tr>\n<tr>\n<td>S<\/td>\n<td>68.1<\/td>\n<td>64.0<\/td>\n<td>83.8 &#8211; 91.4<\/td>\n<\/tr>\n<tr>\n<td>M<\/td>\n<td>71.9<\/td>\n<td>65.5<\/td>\n<td>94.0 &#8211; 101.6<\/td>\n<\/tr>\n<tr>\n<td>L<\/td>\n<td>73.9<\/td>\n<td>67.1<\/td>\n<td>104.1 &#8211; 109.2<\/td>\n<\/tr>\n<tr>\n<td>XL<\/td>\n<td>75.9<\/td>\n<td>68.6<\/td>\n<td>111.8 &#8211; 116.8<\/td>\n<\/tr>\n<tr>\n<td>2XL<\/td>\n<td>78.0<\/td>\n<td>70.1<\/td>\n<td>119.4 &#8211; 124.5<\/td>\n<\/tr>\n<\/tbody>\n<\/table>\t\t\t\t\t\t\t\t<\/div>\n\t\t\t\t<\/div>\n\t\t\t\t\t<\/div>\n\t\t\t\t<\/div>\n\t\t<div class=\"elementor-element elementor-element-0bedb4f e-flex e-con-boxed e-con e-parent\" data-id=\"0bedb4f\" data-element_type=\"container\">\n\t\t\t\t\t<div class=\"e-con-inner\">\n\t\t\t\t<div class=\"elementor-element elementor-element-0275db8 elementor-widget elementor-widget-heading\" data-id=\"0275db8\" data-element_type=\"widget\" data-widget_type=\"heading.default\">\n\t\t\t\t<div class=\"elementor-widget-container\">\n\t\t\t\t\t<h3 class=\"elementor-heading-title elementor-size-default\">Produktabmessungen<\/h3>\t\t\t\t<\/div>\n\t\t\t\t<\/div>\n\t\t\t\t<div class=\"elementor-element elementor-element-b7c0add elementor-widget elementor-widget-text-editor\" data-id=\"b7c0add\" data-element_type=\"widget\" data-widget_type=\"text-editor.default\">\n\t\t\t\t<div class=\"elementor-widget-container\">\n\t\t\t\t\t\t\t\t\t<p>Die Ma\u00dfe werden von den Lieferanten bereitgestellt.<\/p>\n<p>Die Produktma\u00dfe k\u00f6nnen um bis zu 5 cm variieren.<\/p>\n<p><picture><source srcset=\"https:\/\/www.mishumi.com\/wp-content\/webp-express\/webp-images\/uploads\/2024\/08\/12664_product_size_guide-300x300.png.webp 300w, https:\/\/www.mishumi.com\/wp-content\/webp-express\/webp-images\/uploads\/2024\/08\/12664_product_size_guide-150x150.png.webp 150w, https:\/\/www.mishumi.com\/wp-content\/webp-express\/webp-images\/uploads\/2024\/08\/12664_product_size_guide-100x100.png.webp 100w, https:\/\/www.mishumi.com\/wp-content\/webp-express\/webp-images\/uploads\/2024\/08\/12664_product_size_guide.png.webp 344w\" sizes=\"(max-width: 300px) 100vw, 300px\" type=\"image\/webp\"><img decoding=\"async\" class=\"alignnone size-medium wp-image-12666 webpexpress-processed\" src=\"https:\/\/www.mishumi.com\/wp-content\/uploads\/2024\/08\/12664_product_size_guide-300x300.png\" alt=\"\" width=\"300\" height=\"300\" srcset=\"https:\/\/www.mishumi.com\/wp-content\/uploads\/2024\/08\/12664_product_size_guide-300x300.png 300w, https:\/\/www.mishumi.com\/wp-content\/uploads\/2024\/08\/12664_product_size_guide-150x150.png 150w, https:\/\/www.mishumi.com\/wp-content\/uploads\/2024\/08\/12664_product_size_guide-100x100.png 100w, https:\/\/www.mishumi.com\/wp-content\/uploads\/2024\/08\/12664_product_size_guide.png 344w\" sizes=\"(max-width: 300px) 100vw, 300px\"><\/picture><\/p>\n<p>A: L\u00e4nge<\/p>\n<p>Legen Sie das Ende eines Ma\u00dfbandes neben den Kragen oben am Kleidungsst\u00fcck (h\u00f6chster Punkt der Schulter). Ziehen Sie das Band bis zum unteren Ende des Kleidungsst\u00fccks.<\/p>\n<p>B: Brustkorb<\/p>\n<p>Messen Sie Ihren Brustumfang an der breitesten Stelle. Halten Sie das Ma\u00dfband dabei waagerecht.&nbsp;<\/p>\n<p>C: \u00c4rmell\u00e4nge<\/p>\n<p>Legen Sie ein Ende des Ma\u00dfbandes oben an der eingesetzten \u00c4rmelkante an und ziehen Sie das Ma\u00dfband dann nach unten, bis Sie den Saum der \u00c4rmelkante erreichen.<\/p>\n<table>\n<thead>\n<tr>\n<th>Gr\u00f6\u00dfe<\/th>\n<th>L\u00e4nge, cm<\/th>\n<th>Breite, cm<\/th>\n<th>\u00c4rmell\u00e4nge, cm<\/th>\n<\/tr>\n<\/thead>\n<tbody>\n<tr>\n<td>S<\/td>\n<td>68.1<\/td>\n<td>51.6<\/td>\n<td>64.0<\/td>\n<\/tr>\n<tr>\n<td>M<\/td>\n<td>71.9<\/td>\n<td>54.1<\/td>\n<td>65.5<\/td>\n<\/tr>\n<tr>\n<td>L<\/td>\n<td>73.9<\/td>\n<td>56.9<\/td>\n<td>67.1<\/td>\n<\/tr>\n<tr>\n<td>XL<\/td>\n<td>75.9<\/td>\n<td>59.9<\/td>\n<td>68.6<\/td>\n<\/tr>\n<tr>\n<td>2XL<\/td>\n<td>78.0<\/td>\n<td>63.0<\/td>\n<td>70.1<\/td>\n<\/tr>\n<\/tbody>\n<\/table>\t\t\t\t\t\t\t\t<\/div>\n\t\t\t\t<\/div>\n\t\t\t\t\t<\/div>\n\t\t\t\t<\/div>\n\t\t\t\t<\/div>","protected":false},"excerpt":{"rendered":"<p>All items are custom-made just for you! Please double-check the size guide to ensure the perfect fit Measure yourself Measurements are provided by suppliers. Product measurements may vary by up to 2&#8243; (5 cm). A: Length Place the end of a measuring tape beside the collar at the top of the garment (high point shoulder). [&hellip;]<\/p>","protected":false},"author":1,"featured_media":0,"parent":0,"menu_order":0,"comment_status":"closed","ping_status":"closed","template":"","meta":{"footnotes":""},"class_list":["post-12778","page","type-page","status-publish","hentry"],"yoast_head":"<!-- This site is optimized with the Yoast SEO plugin v26.3 - https:\/\/yoast.com\/wordpress\/plugins\/seo\/ -->\n<title>Size guide - Mishumi<\/title>\n<meta name=\"robots\" content=\"noindex, follow, max-snippet:-1, max-image-preview:large, max-video-preview:-1\" \/>\n<meta property=\"og:locale\" content=\"de_DE\" \/>\n<meta property=\"og:type\" content=\"article\" \/>\n<meta property=\"og:title\" content=\"Size guide - Mishumi\" \/>\n<meta property=\"og:description\" content=\"All items are custom-made just for you! Please double-check the size guide to ensure the perfect fit Measure yourself Measurements are provided by suppliers. Product measurements may vary by up to 2&#8243; (5 cm). A: Length Place the end of a measuring tape beside the collar at the top of the garment (high point shoulder). [&hellip;]\" \/>\n<meta property=\"og:url\" content=\"https:\/\/www.mishumi.com\/de\/size-guide\/\" \/>\n<meta property=\"og:site_name\" content=\"Mishumi\" \/>\n<meta property=\"article:modified_time\" content=\"2025-02-17T19:29:00+00:00\" \/>\n<meta property=\"og:image\" content=\"https:\/\/www.mishumi.com\/wp-content\/uploads\/2024\/08\/12664_model_size_guide.png\" \/>\n\t<meta property=\"og:image:width\" content=\"344\" \/>\n\t<meta property=\"og:image:height\" content=\"344\" \/>\n\t<meta property=\"og:image:type\" content=\"image\/png\" \/>\n<meta name=\"twitter:card\" content=\"summary_large_image\" \/>\n<meta name=\"twitter:label1\" content=\"Est. reading time\" \/>\n\t<meta name=\"twitter:data1\" content=\"2\u00a0Minuten\" \/>\n<script type=\"application\/ld+json\" class=\"yoast-schema-graph\">{\"@context\":\"https:\/\/schema.org\",\"@graph\":[{\"@type\":\"WebPage\",\"@id\":\"https:\/\/www.mishumi.com\/size-guide\/\",\"url\":\"https:\/\/www.mishumi.com\/size-guide\/\",\"name\":\"Size guide - Mishumi\",\"isPartOf\":{\"@id\":\"https:\/\/www.mishumi.com\/#website\"},\"primaryImageOfPage\":{\"@id\":\"https:\/\/www.mishumi.com\/size-guide\/#primaryimage\"},\"image\":{\"@id\":\"https:\/\/www.mishumi.com\/size-guide\/#primaryimage\"},\"thumbnailUrl\":\"https:\/\/www.mishumi.com\/wp-content\/uploads\/2024\/08\/12664_model_size_guide-300x300.png\",\"datePublished\":\"2024-11-28T11:47:01+00:00\",\"dateModified\":\"2025-02-17T19:29:00+00:00\",\"breadcrumb\":{\"@id\":\"https:\/\/www.mishumi.com\/size-guide\/#breadcrumb\"},\"inLanguage\":\"de\",\"potentialAction\":[{\"@type\":\"ReadAction\",\"target\":[\"https:\/\/www.mishumi.com\/size-guide\/\"]}]},{\"@type\":\"ImageObject\",\"inLanguage\":\"de\",\"@id\":\"https:\/\/www.mishumi.com\/size-guide\/#primaryimage\",\"url\":\"https:\/\/www.mishumi.com\/wp-content\/uploads\/2024\/08\/12664_model_size_guide-300x300.png\",\"contentUrl\":\"https:\/\/www.mishumi.com\/wp-content\/uploads\/2024\/08\/12664_model_size_guide-300x300.png\"},{\"@type\":\"BreadcrumbList\",\"@id\":\"https:\/\/www.mishumi.com\/size-guide\/#breadcrumb\",\"itemListElement\":[{\"@type\":\"ListItem\",\"position\":1,\"name\":\"Home\",\"item\":\"https:\/\/www.mishumi.com\/\"},{\"@type\":\"ListItem\",\"position\":2,\"name\":\"Size guide\"}]},{\"@type\":\"WebSite\",\"@id\":\"https:\/\/www.mishumi.com\/#website\",\"url\":\"https:\/\/www.mishumi.com\/\",\"name\":\"Mishumi\",\"description\":\"World of Hoodie Lovers\",\"publisher\":{\"@id\":\"https:\/\/www.mishumi.com\/#organization\"},\"potentialAction\":[{\"@type\":\"SearchAction\",\"target\":{\"@type\":\"EntryPoint\",\"urlTemplate\":\"https:\/\/www.mishumi.com\/?s={search_term_string}\"},\"query-input\":{\"@type\":\"PropertyValueSpecification\",\"valueRequired\":true,\"valueName\":\"search_term_string\"}}],\"inLanguage\":\"de\"},{\"@type\":\"Organization\",\"@id\":\"https:\/\/www.mishumi.com\/#organization\",\"name\":\"Mishumi\",\"url\":\"https:\/\/www.mishumi.com\/\",\"logo\":{\"@type\":\"ImageObject\",\"inLanguage\":\"de\",\"@id\":\"https:\/\/www.mishumi.com\/#\/schema\/logo\/image\/\",\"url\":\"https:\/\/www.mishumi.com\/wp-content\/uploads\/2024\/08\/Logo_Mishumi.png\",\"contentUrl\":\"https:\/\/www.mishumi.com\/wp-content\/uploads\/2024\/08\/Logo_Mishumi.png\",\"width\":643,\"height\":282,\"caption\":\"Mishumi\"},\"image\":{\"@id\":\"https:\/\/www.mishumi.com\/#\/schema\/logo\/image\/\"}}]}<\/script>\n<!-- \/ Yoast SEO plugin. -->","yoast_head_json":{"title":"Size guide - Mishumi","robots":{"index":"noindex","follow":"follow","max-snippet":"max-snippet:-1","max-image-preview":"max-image-preview:large","max-video-preview":"max-video-preview:-1"},"og_locale":"de_DE","og_type":"article","og_title":"Size guide - Mishumi","og_description":"All items are custom-made just for you! Please double-check the size guide to ensure the perfect fit Measure yourself Measurements are provided by suppliers. Product measurements may vary by up to 2&#8243; (5 cm). A: Length Place the end of a measuring tape beside the collar at the top of the garment (high point shoulder). [&hellip;]","og_url":"https:\/\/www.mishumi.com\/de\/size-guide\/","og_site_name":"Mishumi","article_modified_time":"2025-02-17T19:29:00+00:00","og_image":[{"width":344,"height":344,"url":"https:\/\/www.mishumi.com\/wp-content\/uploads\/2024\/08\/12664_model_size_guide.png","type":"image\/png"}],"twitter_card":"summary_large_image","twitter_misc":{"Est. reading time":"2\u00a0Minuten"},"schema":{"@context":"https:\/\/schema.org","@graph":[{"@type":"WebPage","@id":"https:\/\/www.mishumi.com\/size-guide\/","url":"https:\/\/www.mishumi.com\/size-guide\/","name":"Size guide - Mishumi","isPartOf":{"@id":"https:\/\/www.mishumi.com\/#website"},"primaryImageOfPage":{"@id":"https:\/\/www.mishumi.com\/size-guide\/#primaryimage"},"image":{"@id":"https:\/\/www.mishumi.com\/size-guide\/#primaryimage"},"thumbnailUrl":"https:\/\/www.mishumi.com\/wp-content\/uploads\/2024\/08\/12664_model_size_guide-300x300.png","datePublished":"2024-11-28T11:47:01+00:00","dateModified":"2025-02-17T19:29:00+00:00","breadcrumb":{"@id":"https:\/\/www.mishumi.com\/size-guide\/#breadcrumb"},"inLanguage":"de","potentialAction":[{"@type":"ReadAction","target":["https:\/\/www.mishumi.com\/size-guide\/"]}]},{"@type":"ImageObject","inLanguage":"de","@id":"https:\/\/www.mishumi.com\/size-guide\/#primaryimage","url":"https:\/\/www.mishumi.com\/wp-content\/uploads\/2024\/08\/12664_model_size_guide-300x300.png","contentUrl":"https:\/\/www.mishumi.com\/wp-content\/uploads\/2024\/08\/12664_model_size_guide-300x300.png"},{"@type":"BreadcrumbList","@id":"https:\/\/www.mishumi.com\/size-guide\/#breadcrumb","itemListElement":[{"@type":"ListItem","position":1,"name":"Home","item":"https:\/\/www.mishumi.com\/"},{"@type":"ListItem","position":2,"name":"Size guide"}]},{"@type":"WebSite","@id":"https:\/\/www.mishumi.com\/#website","url":"https:\/\/www.mishumi.com\/","name":"Mishumi","description":"World of Hoodie Lovers","publisher":{"@id":"https:\/\/www.mishumi.com\/#organization"},"potentialAction":[{"@type":"SearchAction","target":{"@type":"EntryPoint","urlTemplate":"https:\/\/www.mishumi.com\/?s={search_term_string}"},"query-input":{"@type":"PropertyValueSpecification","valueRequired":true,"valueName":"search_term_string"}}],"inLanguage":"de"},{"@type":"Organization","@id":"https:\/\/www.mishumi.com\/#organization","name":"Mishumi","url":"https:\/\/www.mishumi.com\/","logo":{"@type":"ImageObject","inLanguage":"de","@id":"https:\/\/www.mishumi.com\/#\/schema\/logo\/image\/","url":"https:\/\/www.mishumi.com\/wp-content\/uploads\/2024\/08\/Logo_Mishumi.png","contentUrl":"https:\/\/www.mishumi.com\/wp-content\/uploads\/2024\/08\/Logo_Mishumi.png","width":643,"height":282,"caption":"Mishumi"},"image":{"@id":"https:\/\/www.mishumi.com\/#\/schema\/logo\/image\/"}}]}},"_links":{"self":[{"href":"https:\/\/www.mishumi.com\/de\/wp-json\/wp\/v2\/pages\/12778","targetHints":{"allow":["GET"]}}],"collection":[{"href":"https:\/\/www.mishumi.com\/de\/wp-json\/wp\/v2\/pages"}],"about":[{"href":"https:\/\/www.mishumi.com\/de\/wp-json\/wp\/v2\/types\/page"}],"author":[{"embeddable":true,"href":"https:\/\/www.mishumi.com\/de\/wp-json\/wp\/v2\/users\/1"}],"replies":[{"embeddable":true,"href":"https:\/\/www.mishumi.com\/de\/wp-json\/wp\/v2\/comments?post=12778"}],"version-history":[{"count":19,"href":"https:\/\/www.mishumi.com\/de\/wp-json\/wp\/v2\/pages\/12778\/revisions"}],"predecessor-version":[{"id":13070,"href":"https:\/\/www.mishumi.com\/de\/wp-json\/wp\/v2\/pages\/12778\/revisions\/13070"}],"wp:attachment":[{"href":"https:\/\/www.mishumi.com\/de\/wp-json\/wp\/v2\/media?parent=12778"}],"curies":[{"name":"wp","href":"https:\/\/api.w.org\/{rel}","templated":true}]}}