{"id":12626,"date":"2024-08-19T17:30:37","date_gmt":"2024-08-19T17:30:37","guid":{"rendered":"https:\/\/rzdev2-st2-c1.mishumi.com\/?post_type=product&#038;p=12626"},"modified":"2024-12-08T22:57:52","modified_gmt":"2024-12-08T21:57:52","slug":"chill-hoodie-sleep","status":"publish","type":"product","link":"https:\/\/www.mishumi.com\/de\/shop\/chill-hoodie-sleep\/","title":{"rendered":"Chill Hoodie A NAP"},"content":{"rendered":"<p>Klassischer Unisex-Hoodie mit praktischer K\u00e4ngurutasche und passenden flachen Kordeln. Perfekt, um nach einem langen Tag zu entspannen und die F\u00fc\u00dfe hochzulegen. Der Hoodie verf\u00fcgt \u00fcber eine doppellagige Kapuze, eingesetzte \u00c4rmel und die K\u00e4ngurutasche vorne.<\/p>\n<ul>\n<li><strong>Fabrics<\/strong>: 85% organic ring-spun combed cotton, 15% recycled polyester\u00a0OEKO-TEX Standard 100 certified and PETA-Approved Vegan<\/li>\n<li><strong>Occasion:<\/strong> Chill &amp; Relax<\/li>\n<li>Regular fit<\/li>\n<\/ul>\n<p>The product is produced on demand. Please check the size guide carefully to avoid unnecessary overproductions and returns. <strong>Stay calm, stay sustainable!<\/strong><\/p>\n<p><strong>Product care: \u00a0<\/strong>It is important to follow the recommended actions to prevent fading and cracking of the print.<\/p>\n<p>Washing Recommendations:<\/p>\n<ul>\n<li>machine wash cold, turn inside-out, utilize a gentle cycle with like colors, and use mild detergent; reserve non-chlorine bleach for necessary situations.<\/li>\n<li><strong>Avoid:<\/strong> Fabric softeners<\/li>\n<\/ul>\n<p>Drying Recommendations:<\/p>\n<ul>\n<li>Tumble dry on a low cycle (hang-dry is recommended).<\/li>\n<li><strong>Avoid<\/strong> dry-cleaning<\/li>\n<\/ul>\n<p>Ironing Recommendations:<\/p>\n<ul>\n<li>Cool iron inside-out.<\/li>\n<li><strong>Avoid<\/strong> ironing directly on the print.<\/li>\n<\/ul>\n<table class=\"size-guide__table size-guide__new\">\n<thead>\n<tr>\n<td>SIZE LABEL<\/td>\n<td>LENGTH<\/td>\n<td>WIDTH<\/td>\n<td>SLEEVE LENGTH<\/td>\n<\/tr>\n<\/thead>\n<tbody>\n<tr>\n<td>S<\/td>\n<td>68 cm<\/td>\n<td>51.6 cm<\/td>\n<td>64 cm<\/td>\n<\/tr>\n<tr>\n<td>M<\/td>\n<td>72 cm<\/td>\n<td>54 cm<\/td>\n<td>65.5 cm<\/td>\n<\/tr>\n<tr>\n<td>L<\/td>\n<td>74 cm<\/td>\n<td>57 cm<\/td>\n<td>67 cm<\/td>\n<\/tr>\n<tr>\n<td>XL<\/td>\n<td>76 cm<\/td>\n<td>60 cm<\/td>\n<td>68.6 cm<\/td>\n<\/tr>\n<tr>\n<td>2XL<\/td>\n<td>78 cm<\/td>\n<td>63 cm<\/td>\n<td>70 cm<\/td>\n<\/tr>\n<\/tbody>\n<\/table>","protected":false},"excerpt":{"rendered":"<p>Klassischer Unisex-Hoodie mit praktischer K\u00e4ngurutasche und passenden flachen Kordeln. Perfekt, um nach einem langen Tag zu entspannen und die F\u00fc\u00dfe hochzulegen. Der Hoodie verf\u00fcgt \u00fcber eine doppellagige Kapuze, eingesetzte \u00c4rmel und die K\u00e4ngurutasche vorne.<\/p>","protected":false},"featured_media":12637,"comment_status":"open","ping_status":"closed","template":"","meta":[],"product_brand":[],"product_cat":[63],"product_tag":[],"class_list":{"0":"post-12626","1":"product","2":"type-product","3":"status-publish","4":"has-post-thumbnail","6":"product_cat-hoodie","8":"first","9":"outofstock","10":"taxable","11":"shipping-taxable","12":"purchasable","13":"product-type-simple"},"yoast_head":"<!-- This site is optimized with the Yoast SEO plugin v26.3 - https:\/\/yoast.com\/wordpress\/plugins\/seo\/ -->\n<title>Chill Hoodie A NAP - Mishumi<\/title>\n<meta name=\"robots\" content=\"noindex, follow, max-snippet:-1, max-image-preview:large, max-video-preview:-1\" \/>\n<meta property=\"og:locale\" content=\"de_DE\" \/>\n<meta property=\"og:type\" content=\"article\" \/>\n<meta property=\"og:title\" content=\"Chill Hoodie A NAP - Mishumi\" \/>\n<meta property=\"og:description\" content=\"Classic unisex hoodie with a front pouch pocket and matching flat drawstrings. Perfect to relax and chill after a long day. The hoodie has a double-layered hood, set-in sleeves, and a front pouch pocket.\" \/>\n<meta property=\"og:url\" content=\"https:\/\/www.mishumi.com\/de\/shop\/chill-hoodie-sleep\/\" \/>\n<meta property=\"og:site_name\" content=\"Mishumi\" \/>\n<meta property=\"article:modified_time\" content=\"2024-12-08T21:57:52+00:00\" \/>\n<meta property=\"og:image\" content=\"https:\/\/www.mishumi.com\/wp-content\/uploads\/2024\/08\/unisex-essential-eco-hoodie-canyon-pink-front-65f158743b129-1024x1024.png\" \/>\n\t<meta property=\"og:image:width\" content=\"1024\" \/>\n\t<meta property=\"og:image:height\" content=\"1024\" \/>\n\t<meta property=\"og:image:type\" content=\"image\/png\" \/>\n<meta name=\"twitter:card\" content=\"summary_large_image\" \/>\n<meta name=\"twitter:label1\" content=\"Est. reading time\" \/>\n\t<meta name=\"twitter:data1\" content=\"2\u00a0Minuten\" \/>\n<script type=\"application\/ld+json\" class=\"yoast-schema-graph\">{\"@context\":\"https:\/\/schema.org\",\"@graph\":[{\"@type\":\"WebPage\",\"@id\":\"https:\/\/www.mishumi.com\/shop\/chill-hoodie-sleep\/\",\"url\":\"https:\/\/www.mishumi.com\/shop\/chill-hoodie-sleep\/\",\"name\":\"Chill Hoodie A NAP - Mishumi\",\"isPartOf\":{\"@id\":\"https:\/\/www.mishumi.com\/#website\"},\"primaryImageOfPage\":{\"@id\":\"https:\/\/www.mishumi.com\/shop\/chill-hoodie-sleep\/#primaryimage\"},\"image\":{\"@id\":\"https:\/\/www.mishumi.com\/shop\/chill-hoodie-sleep\/#primaryimage\"},\"thumbnailUrl\":\"https:\/\/www.mishumi.com\/wp-content\/uploads\/2024\/08\/unisex-essential-eco-hoodie-canyon-pink-front-65f158743b129.png\",\"datePublished\":\"2024-08-19T17:30:37+00:00\",\"dateModified\":\"2024-12-08T21:57:52+00:00\",\"breadcrumb\":{\"@id\":\"https:\/\/www.mishumi.com\/shop\/chill-hoodie-sleep\/#breadcrumb\"},\"inLanguage\":\"de\",\"potentialAction\":[{\"@type\":\"ReadAction\",\"target\":[\"https:\/\/www.mishumi.com\/shop\/chill-hoodie-sleep\/\"]}]},{\"@type\":\"ImageObject\",\"inLanguage\":\"de\",\"@id\":\"https:\/\/www.mishumi.com\/shop\/chill-hoodie-sleep\/#primaryimage\",\"url\":\"https:\/\/www.mishumi.com\/wp-content\/uploads\/2024\/08\/unisex-essential-eco-hoodie-canyon-pink-front-65f158743b129.png\",\"contentUrl\":\"https:\/\/www.mishumi.com\/wp-content\/uploads\/2024\/08\/unisex-essential-eco-hoodie-canyon-pink-front-65f158743b129.png\",\"width\":2000,\"height\":2000,\"caption\":\"hoodie sleep mask pink\"},{\"@type\":\"BreadcrumbList\",\"@id\":\"https:\/\/www.mishumi.com\/shop\/chill-hoodie-sleep\/#breadcrumb\",\"itemListElement\":[{\"@type\":\"ListItem\",\"position\":1,\"name\":\"Home\",\"item\":\"https:\/\/www.mishumi.com\/\"},{\"@type\":\"ListItem\",\"position\":2,\"name\":\"Shop\",\"item\":\"https:\/\/www.mishumi.com\/shop\/\"},{\"@type\":\"ListItem\",\"position\":3,\"name\":\"Chill Hoodie A NAP\"}]},{\"@type\":\"WebSite\",\"@id\":\"https:\/\/www.mishumi.com\/#website\",\"url\":\"https:\/\/www.mishumi.com\/\",\"name\":\"Mishumi\",\"description\":\"World of Hoodie Lovers\",\"publisher\":{\"@id\":\"https:\/\/www.mishumi.com\/#organization\"},\"potentialAction\":[{\"@type\":\"SearchAction\",\"target\":{\"@type\":\"EntryPoint\",\"urlTemplate\":\"https:\/\/www.mishumi.com\/?s={search_term_string}\"},\"query-input\":{\"@type\":\"PropertyValueSpecification\",\"valueRequired\":true,\"valueName\":\"search_term_string\"}}],\"inLanguage\":\"de\"},{\"@type\":\"Organization\",\"@id\":\"https:\/\/www.mishumi.com\/#organization\",\"name\":\"Mishumi\",\"url\":\"https:\/\/www.mishumi.com\/\",\"logo\":{\"@type\":\"ImageObject\",\"inLanguage\":\"de\",\"@id\":\"https:\/\/www.mishumi.com\/#\/schema\/logo\/image\/\",\"url\":\"https:\/\/www.mishumi.com\/wp-content\/uploads\/2024\/08\/Logo_Mishumi.png\",\"contentUrl\":\"https:\/\/www.mishumi.com\/wp-content\/uploads\/2024\/08\/Logo_Mishumi.png\",\"width\":643,\"height\":282,\"caption\":\"Mishumi\"},\"image\":{\"@id\":\"https:\/\/www.mishumi.com\/#\/schema\/logo\/image\/\"}}]}<\/script>\n<!-- \/ Yoast SEO plugin. -->","yoast_head_json":{"title":"Chill Hoodie A NAP - Mishumi","robots":{"index":"noindex","follow":"follow","max-snippet":"max-snippet:-1","max-image-preview":"max-image-preview:large","max-video-preview":"max-video-preview:-1"},"og_locale":"de_DE","og_type":"article","og_title":"Chill Hoodie A NAP - Mishumi","og_description":"Classic unisex hoodie with a front pouch pocket and matching flat drawstrings. Perfect to relax and chill after a long day. The hoodie has a double-layered hood, set-in sleeves, and a front pouch pocket.","og_url":"https:\/\/www.mishumi.com\/de\/shop\/chill-hoodie-sleep\/","og_site_name":"Mishumi","article_modified_time":"2024-12-08T21:57:52+00:00","og_image":[{"width":1024,"height":1024,"url":"https:\/\/www.mishumi.com\/wp-content\/uploads\/2024\/08\/unisex-essential-eco-hoodie-canyon-pink-front-65f158743b129-1024x1024.png","type":"image\/png"}],"twitter_card":"summary_large_image","twitter_misc":{"Est. reading time":"2\u00a0Minuten"},"schema":{"@context":"https:\/\/schema.org","@graph":[{"@type":"WebPage","@id":"https:\/\/www.mishumi.com\/shop\/chill-hoodie-sleep\/","url":"https:\/\/www.mishumi.com\/shop\/chill-hoodie-sleep\/","name":"Chill Hoodie A NAP - Mishumi","isPartOf":{"@id":"https:\/\/www.mishumi.com\/#website"},"primaryImageOfPage":{"@id":"https:\/\/www.mishumi.com\/shop\/chill-hoodie-sleep\/#primaryimage"},"image":{"@id":"https:\/\/www.mishumi.com\/shop\/chill-hoodie-sleep\/#primaryimage"},"thumbnailUrl":"https:\/\/www.mishumi.com\/wp-content\/uploads\/2024\/08\/unisex-essential-eco-hoodie-canyon-pink-front-65f158743b129.png","datePublished":"2024-08-19T17:30:37+00:00","dateModified":"2024-12-08T21:57:52+00:00","breadcrumb":{"@id":"https:\/\/www.mishumi.com\/shop\/chill-hoodie-sleep\/#breadcrumb"},"inLanguage":"de","potentialAction":[{"@type":"ReadAction","target":["https:\/\/www.mishumi.com\/shop\/chill-hoodie-sleep\/"]}]},{"@type":"ImageObject","inLanguage":"de","@id":"https:\/\/www.mishumi.com\/shop\/chill-hoodie-sleep\/#primaryimage","url":"https:\/\/www.mishumi.com\/wp-content\/uploads\/2024\/08\/unisex-essential-eco-hoodie-canyon-pink-front-65f158743b129.png","contentUrl":"https:\/\/www.mishumi.com\/wp-content\/uploads\/2024\/08\/unisex-essential-eco-hoodie-canyon-pink-front-65f158743b129.png","width":2000,"height":2000,"caption":"hoodie sleep mask pink"},{"@type":"BreadcrumbList","@id":"https:\/\/www.mishumi.com\/shop\/chill-hoodie-sleep\/#breadcrumb","itemListElement":[{"@type":"ListItem","position":1,"name":"Home","item":"https:\/\/www.mishumi.com\/"},{"@type":"ListItem","position":2,"name":"Shop","item":"https:\/\/www.mishumi.com\/shop\/"},{"@type":"ListItem","position":3,"name":"Chill Hoodie A NAP"}]},{"@type":"WebSite","@id":"https:\/\/www.mishumi.com\/#website","url":"https:\/\/www.mishumi.com\/","name":"Mishumi","description":"World of Hoodie Lovers","publisher":{"@id":"https:\/\/www.mishumi.com\/#organization"},"potentialAction":[{"@type":"SearchAction","target":{"@type":"EntryPoint","urlTemplate":"https:\/\/www.mishumi.com\/?s={search_term_string}"},"query-input":{"@type":"PropertyValueSpecification","valueRequired":true,"valueName":"search_term_string"}}],"inLanguage":"de"},{"@type":"Organization","@id":"https:\/\/www.mishumi.com\/#organization","name":"Mishumi","url":"https:\/\/www.mishumi.com\/","logo":{"@type":"ImageObject","inLanguage":"de","@id":"https:\/\/www.mishumi.com\/#\/schema\/logo\/image\/","url":"https:\/\/www.mishumi.com\/wp-content\/uploads\/2024\/08\/Logo_Mishumi.png","contentUrl":"https:\/\/www.mishumi.com\/wp-content\/uploads\/2024\/08\/Logo_Mishumi.png","width":643,"height":282,"caption":"Mishumi"},"image":{"@id":"https:\/\/www.mishumi.com\/#\/schema\/logo\/image\/"}}]}},"_links":{"self":[{"href":"https:\/\/www.mishumi.com\/de\/wp-json\/wp\/v2\/product\/12626","targetHints":{"allow":["GET"]}}],"collection":[{"href":"https:\/\/www.mishumi.com\/de\/wp-json\/wp\/v2\/product"}],"about":[{"href":"https:\/\/www.mishumi.com\/de\/wp-json\/wp\/v2\/types\/product"}],"replies":[{"embeddable":true,"href":"https:\/\/www.mishumi.com\/de\/wp-json\/wp\/v2\/comments?post=12626"}],"version-history":[{"count":2,"href":"https:\/\/www.mishumi.com\/de\/wp-json\/wp\/v2\/product\/12626\/revisions"}],"predecessor-version":[{"id":12659,"href":"https:\/\/www.mishumi.com\/de\/wp-json\/wp\/v2\/product\/12626\/revisions\/12659"}],"wp:featuredmedia":[{"embeddable":true,"href":"https:\/\/www.mishumi.com\/de\/wp-json\/wp\/v2\/media\/12637"}],"wp:attachment":[{"href":"https:\/\/www.mishumi.com\/de\/wp-json\/wp\/v2\/media?parent=12626"}],"wp:term":[{"taxonomy":"product_brand","embeddable":true,"href":"https:\/\/www.mishumi.com\/de\/wp-json\/wp\/v2\/product_brand?post=12626"},{"taxonomy":"product_cat","embeddable":true,"href":"https:\/\/www.mishumi.com\/de\/wp-json\/wp\/v2\/product_cat?post=12626"},{"taxonomy":"product_tag","embeddable":true,"href":"https:\/\/www.mishumi.com\/de\/wp-json\/wp\/v2\/product_tag?post=12626"}],"curies":[{"name":"wp","href":"https:\/\/api.w.org\/{rel}","templated":true}]}}