{"id":12840,"date":"2024-12-02T21:44:46","date_gmt":"2024-12-02T20:44:46","guid":{"rendered":"https:\/\/www.mishumi.com\/shop\/unisex-essential-eco-hoodie\/"},"modified":"2025-04-16T14:16:39","modified_gmt":"2025-04-16T12:16:39","slug":"unisex-eco-hoodie-later","status":"publish","type":"product","link":"https:\/\/www.mishumi.com\/de\/shop\/unisex-eco-hoodie-later\/","title":{"rendered":"Unisex Eco Hoodie LATER"},"content":{"rendered":"<p>Dank seiner organischen Materialien ist der unisex Essential Eco Hoodie ein gro\u00dfartiger Kauf f\u00fcr umweltbewusste Fashion-Liebhaber:innen. Dieser bequeme Hoodie im Regular Fit verf\u00fcgt \u00fcber eine doppellagige Kapuze, eingesetzte \u00c4rmel und eine praktische K\u00e4ngurutasche vorne.<\/p>\n<ul>\n<li>100 % Bio-Baumwolle<\/li>\n<li>Stoffgewicht: 350 g\/m\u00b2 (10,32 oz.\/yd\u00b2)<\/li>\n<li>Regular fit<\/li>\n<li>Eingesetzte \u00c4rmel<\/li>\n<li>Doppellagige Kapuze aus gleichem Stoff<\/li>\n<li>K\u00e4ngurutasche vorne<\/li>\n<li>1\u00d71 Rippb\u00fcndchen an \u00c4rmel- und Bundabschluss<\/li>\n<li>Einfache Nahtverst\u00e4rkung am Halsausschnitt und an der Kapuzen\u00f6ffnung<\/li>\n<li>Metall\u00f6sen<\/li>\n<li>Nackenband innen<\/li>\n<li>Halbmond aus gleichem Stoff im Nackenbereich<\/li>\n<li>Stoff zertifiziert nach GRS (Global Recycled Standard), OCS (Organic Content Standard) und GOTS (Global Organic Textile Standard)<\/li>\n<li>OEKO-TEX Standard 100 zertifiziert und PETA-Approved Vegan<\/li>\n<li>Rohprodukt aus Bangladesch<\/li>\n<\/ul>\n<p class=\"translation-block\" data-start=\"178\" data-end=\"215\">\ud83e\uddfc  Pflegehinweise f\u00fcr deinen Mishumi Hoodie<\/p>\n<p data-start=\"178\" data-end=\"215\">Damit dein Hoodie lange frisch bleibt und wie neu aussieht:<\/p>\n<ul>\n<li>Maschinenw\u00e4sche kalt, auf links, im Schonwaschgang mit mildem Waschmittel und \u00e4hnlichen Farben<\/li>\n<li>Kein Bleichmittel (au\u00dfer es ist chlorfrei und unbedingt n\u00f6tig)<\/li>\n<li>Keine Weichsp\u00fcler \u2013 der Hoodie ist schon weich genug<\/li>\n<li>Trockner nur auf niedriger Stufe oder besser liegend\/aufh\u00e4ngen, um die Gem\u00fctlichkeit zu bewahren<\/li>\n<li>Falls n\u00f6tig, auf niedriger Stufe von innen nach au\u00dfen b\u00fcgeln \u2013 niemals auf dem Print<\/li>\n<li>Nicht chemisch reinigen \u2013 dein neuer Cozy-Hoodie mag das nicht<\/li>\n<\/ul>\n<p>Dieser Hoodie wird speziell f\u00fcr dich hergestellt, sobald du deine Bestellung aufgibst. Deshalb dauert die Lieferung etwas l\u00e4nger. Produktion auf Bestellung hilft, \u00dcberproduktion zu vermeiden \u2013 danke, dass du bewusst einkaufst!<\/p>\n<p>EU GPSR-bezogene Produktinformationen<\/p>\n<ul>\n<li>Hersteller Informationen\n<ul>\n<li>Name: Mishumi<\/li>\n<li>Email address: help@mishumi.com<\/li>\n<li>Adresse: Oberstr. 3, 47829 Krefeld, Germany<\/li>\n<\/ul>\n<\/li>\n<li>Altersbeschr\u00e4nkung: Erwachsene<\/li>\n<li>EU-Garantie: 2 Jahre<\/li>\n<li>Weitere Konformit\u00e4tshinweise: Entspricht den EU-REACH-Vorgaben<\/li>\n<\/ul>\n<p>Umweltbezogene Eigenschaften und Merkmale<\/p>\n<ul>\n<li>R\u00fcckverfolgbarkeit:\n<ul>\n<li>Weberei: Bangladesch<\/li>\n<li>F\u00e4rbung: Bangladesch<\/li>\n<li>Herstellung: Bangladesch<\/li>\n<\/ul>\n<\/li>\n<li>Enth\u00e4lt 0 % recycelte Materialien<\/li>\n<li>Enth\u00e4lt 0 % gef\u00e4hrliche Stoffe<\/li>\n<\/ul>","protected":false},"excerpt":{"rendered":"<p>Deine perfekte Ausrede, es langsam angehen zu lassen. Dieser umweltfreundliche Hoodie ist so entspannt wie du selbst und wird aus weichen, nachhaltigen Stoffen gefertigt. Sag \u201eLATER\u201c zum Stress und \u201eJA\u201c zu gem\u00fctlichen Self-Care-Tagen.<\/p>","protected":false},"featured_media":12853,"comment_status":"open","ping_status":"closed","template":"","meta":[],"product_brand":[],"product_cat":[63],"product_tag":[],"class_list":{"0":"post-12840","1":"product","2":"type-product","3":"status-publish","4":"has-post-thumbnail","6":"product_cat-hoodie","8":"first","9":"instock","10":"taxable","11":"shipping-taxable","12":"purchasable","13":"product-type-variable","14":"has-default-attributes"},"yoast_head":"<!-- This site is optimized with the Yoast SEO plugin v26.3 - https:\/\/yoast.com\/wordpress\/plugins\/seo\/ -->\n<title>Unisex Eco Hoodie LATER - Mishumi<\/title>\n<meta name=\"description\" content=\"Eco Hoodie, unisex hoodie, Hoodie to relax, unwind, eco hoodie\" \/>\n<meta name=\"robots\" content=\"noindex, follow, max-snippet:-1, max-image-preview:large, max-video-preview:-1\" \/>\n<meta property=\"og:locale\" content=\"de_DE\" \/>\n<meta property=\"og:type\" content=\"article\" \/>\n<meta property=\"og:title\" content=\"Unisex Eco Hoodie LATER - Mishumi\" \/>\n<meta property=\"og:description\" content=\"Eco Hoodie, unisex hoodie, Hoodie to relax, unwind, eco hoodie\" \/>\n<meta property=\"og:url\" content=\"https:\/\/www.mishumi.com\/de\/shop\/unisex-eco-hoodie-later\/\" \/>\n<meta property=\"og:site_name\" content=\"Mishumi\" \/>\n<meta property=\"article:modified_time\" content=\"2025-04-16T12:16:39+00:00\" \/>\n<meta property=\"og:image\" content=\"https:\/\/www.mishumi.com\/wp-content\/uploads\/2024\/12\/unisex-essential-eco-hoodie-white-front-674e1c2c4a235.jpg\" \/>\n\t<meta property=\"og:image:width\" content=\"2000\" \/>\n\t<meta property=\"og:image:height\" content=\"2000\" \/>\n\t<meta property=\"og:image:type\" content=\"image\/jpeg\" \/>\n<meta name=\"twitter:card\" content=\"summary_large_image\" \/>\n<meta name=\"twitter:label1\" content=\"Est. reading time\" \/>\n\t<meta name=\"twitter:data1\" content=\"2\u00a0Minuten\" \/>\n<script type=\"application\/ld+json\" class=\"yoast-schema-graph\">{\"@context\":\"https:\/\/schema.org\",\"@graph\":[{\"@type\":\"WebPage\",\"@id\":\"https:\/\/www.mishumi.com\/shop\/unisex-eco-hoodie-later\/\",\"url\":\"https:\/\/www.mishumi.com\/shop\/unisex-eco-hoodie-later\/\",\"name\":\"Unisex Eco Hoodie LATER - Mishumi\",\"isPartOf\":{\"@id\":\"https:\/\/www.mishumi.com\/#website\"},\"primaryImageOfPage\":{\"@id\":\"https:\/\/www.mishumi.com\/shop\/unisex-eco-hoodie-later\/#primaryimage\"},\"image\":{\"@id\":\"https:\/\/www.mishumi.com\/shop\/unisex-eco-hoodie-later\/#primaryimage\"},\"thumbnailUrl\":\"https:\/\/www.mishumi.com\/wp-content\/uploads\/2024\/12\/unisex-essential-eco-hoodie-white-front-674e1c2c4a235.jpg\",\"datePublished\":\"2024-12-02T20:44:46+00:00\",\"dateModified\":\"2025-04-16T12:16:39+00:00\",\"description\":\"Eco Hoodie, unisex hoodie, Hoodie to relax, unwind, eco hoodie\",\"breadcrumb\":{\"@id\":\"https:\/\/www.mishumi.com\/shop\/unisex-eco-hoodie-later\/#breadcrumb\"},\"inLanguage\":\"de\",\"potentialAction\":[{\"@type\":\"ReadAction\",\"target\":[\"https:\/\/www.mishumi.com\/shop\/unisex-eco-hoodie-later\/\"]}]},{\"@type\":\"ImageObject\",\"inLanguage\":\"de\",\"@id\":\"https:\/\/www.mishumi.com\/shop\/unisex-eco-hoodie-later\/#primaryimage\",\"url\":\"https:\/\/www.mishumi.com\/wp-content\/uploads\/2024\/12\/unisex-essential-eco-hoodie-white-front-674e1c2c4a235.jpg\",\"contentUrl\":\"https:\/\/www.mishumi.com\/wp-content\/uploads\/2024\/12\/unisex-essential-eco-hoodie-white-front-674e1c2c4a235.jpg\",\"width\":2000,\"height\":2000,\"caption\":\"White 'Later' hoodie \u2013 a fresh and soft essential for a clean, relaxed look\"},{\"@type\":\"BreadcrumbList\",\"@id\":\"https:\/\/www.mishumi.com\/shop\/unisex-eco-hoodie-later\/#breadcrumb\",\"itemListElement\":[{\"@type\":\"ListItem\",\"position\":1,\"name\":\"Home\",\"item\":\"https:\/\/www.mishumi.com\/\"},{\"@type\":\"ListItem\",\"position\":2,\"name\":\"Shop\",\"item\":\"https:\/\/www.mishumi.com\/shop\/\"},{\"@type\":\"ListItem\",\"position\":3,\"name\":\"Unisex Eco Hoodie LATER\"}]},{\"@type\":\"WebSite\",\"@id\":\"https:\/\/www.mishumi.com\/#website\",\"url\":\"https:\/\/www.mishumi.com\/\",\"name\":\"Mishumi\",\"description\":\"World of Hoodie Lovers\",\"publisher\":{\"@id\":\"https:\/\/www.mishumi.com\/#organization\"},\"potentialAction\":[{\"@type\":\"SearchAction\",\"target\":{\"@type\":\"EntryPoint\",\"urlTemplate\":\"https:\/\/www.mishumi.com\/?s={search_term_string}\"},\"query-input\":{\"@type\":\"PropertyValueSpecification\",\"valueRequired\":true,\"valueName\":\"search_term_string\"}}],\"inLanguage\":\"de\"},{\"@type\":\"Organization\",\"@id\":\"https:\/\/www.mishumi.com\/#organization\",\"name\":\"Mishumi\",\"url\":\"https:\/\/www.mishumi.com\/\",\"logo\":{\"@type\":\"ImageObject\",\"inLanguage\":\"de\",\"@id\":\"https:\/\/www.mishumi.com\/#\/schema\/logo\/image\/\",\"url\":\"https:\/\/www.mishumi.com\/wp-content\/uploads\/2024\/08\/Logo_Mishumi.png\",\"contentUrl\":\"https:\/\/www.mishumi.com\/wp-content\/uploads\/2024\/08\/Logo_Mishumi.png\",\"width\":643,\"height\":282,\"caption\":\"Mishumi\"},\"image\":{\"@id\":\"https:\/\/www.mishumi.com\/#\/schema\/logo\/image\/\"}}]}<\/script>\n<!-- \/ Yoast SEO plugin. -->","yoast_head_json":{"title":"Unisex Eco Hoodie LATER - Mishumi","description":"Eco Hoodie, unisex hoodie, Hoodie to relax, unwind, eco hoodie","robots":{"index":"noindex","follow":"follow","max-snippet":"max-snippet:-1","max-image-preview":"max-image-preview:large","max-video-preview":"max-video-preview:-1"},"og_locale":"de_DE","og_type":"article","og_title":"Unisex Eco Hoodie LATER - Mishumi","og_description":"Eco Hoodie, unisex hoodie, Hoodie to relax, unwind, eco hoodie","og_url":"https:\/\/www.mishumi.com\/de\/shop\/unisex-eco-hoodie-later\/","og_site_name":"Mishumi","article_modified_time":"2025-04-16T12:16:39+00:00","og_image":[{"width":2000,"height":2000,"url":"https:\/\/www.mishumi.com\/wp-content\/uploads\/2024\/12\/unisex-essential-eco-hoodie-white-front-674e1c2c4a235.jpg","type":"image\/jpeg"}],"twitter_card":"summary_large_image","twitter_misc":{"Est. reading time":"2\u00a0Minuten"},"schema":{"@context":"https:\/\/schema.org","@graph":[{"@type":"WebPage","@id":"https:\/\/www.mishumi.com\/shop\/unisex-eco-hoodie-later\/","url":"https:\/\/www.mishumi.com\/shop\/unisex-eco-hoodie-later\/","name":"Unisex Eco Hoodie LATER - Mishumi","isPartOf":{"@id":"https:\/\/www.mishumi.com\/#website"},"primaryImageOfPage":{"@id":"https:\/\/www.mishumi.com\/shop\/unisex-eco-hoodie-later\/#primaryimage"},"image":{"@id":"https:\/\/www.mishumi.com\/shop\/unisex-eco-hoodie-later\/#primaryimage"},"thumbnailUrl":"https:\/\/www.mishumi.com\/wp-content\/uploads\/2024\/12\/unisex-essential-eco-hoodie-white-front-674e1c2c4a235.jpg","datePublished":"2024-12-02T20:44:46+00:00","dateModified":"2025-04-16T12:16:39+00:00","description":"Eco Hoodie, unisex hoodie, Hoodie to relax, unwind, eco hoodie","breadcrumb":{"@id":"https:\/\/www.mishumi.com\/shop\/unisex-eco-hoodie-later\/#breadcrumb"},"inLanguage":"de","potentialAction":[{"@type":"ReadAction","target":["https:\/\/www.mishumi.com\/shop\/unisex-eco-hoodie-later\/"]}]},{"@type":"ImageObject","inLanguage":"de","@id":"https:\/\/www.mishumi.com\/shop\/unisex-eco-hoodie-later\/#primaryimage","url":"https:\/\/www.mishumi.com\/wp-content\/uploads\/2024\/12\/unisex-essential-eco-hoodie-white-front-674e1c2c4a235.jpg","contentUrl":"https:\/\/www.mishumi.com\/wp-content\/uploads\/2024\/12\/unisex-essential-eco-hoodie-white-front-674e1c2c4a235.jpg","width":2000,"height":2000,"caption":"White 'Later' hoodie \u2013 a fresh and soft essential for a clean, relaxed look"},{"@type":"BreadcrumbList","@id":"https:\/\/www.mishumi.com\/shop\/unisex-eco-hoodie-later\/#breadcrumb","itemListElement":[{"@type":"ListItem","position":1,"name":"Home","item":"https:\/\/www.mishumi.com\/"},{"@type":"ListItem","position":2,"name":"Shop","item":"https:\/\/www.mishumi.com\/shop\/"},{"@type":"ListItem","position":3,"name":"Unisex Eco Hoodie LATER"}]},{"@type":"WebSite","@id":"https:\/\/www.mishumi.com\/#website","url":"https:\/\/www.mishumi.com\/","name":"Mishumi","description":"World of Hoodie Lovers","publisher":{"@id":"https:\/\/www.mishumi.com\/#organization"},"potentialAction":[{"@type":"SearchAction","target":{"@type":"EntryPoint","urlTemplate":"https:\/\/www.mishumi.com\/?s={search_term_string}"},"query-input":{"@type":"PropertyValueSpecification","valueRequired":true,"valueName":"search_term_string"}}],"inLanguage":"de"},{"@type":"Organization","@id":"https:\/\/www.mishumi.com\/#organization","name":"Mishumi","url":"https:\/\/www.mishumi.com\/","logo":{"@type":"ImageObject","inLanguage":"de","@id":"https:\/\/www.mishumi.com\/#\/schema\/logo\/image\/","url":"https:\/\/www.mishumi.com\/wp-content\/uploads\/2024\/08\/Logo_Mishumi.png","contentUrl":"https:\/\/www.mishumi.com\/wp-content\/uploads\/2024\/08\/Logo_Mishumi.png","width":643,"height":282,"caption":"Mishumi"},"image":{"@id":"https:\/\/www.mishumi.com\/#\/schema\/logo\/image\/"}}]}},"_links":{"self":[{"href":"https:\/\/www.mishumi.com\/de\/wp-json\/wp\/v2\/product\/12840","targetHints":{"allow":["GET"]}}],"collection":[{"href":"https:\/\/www.mishumi.com\/de\/wp-json\/wp\/v2\/product"}],"about":[{"href":"https:\/\/www.mishumi.com\/de\/wp-json\/wp\/v2\/types\/product"}],"replies":[{"embeddable":true,"href":"https:\/\/www.mishumi.com\/de\/wp-json\/wp\/v2\/comments?post=12840"}],"version-history":[{"count":5,"href":"https:\/\/www.mishumi.com\/de\/wp-json\/wp\/v2\/product\/12840\/revisions"}],"predecessor-version":[{"id":13289,"href":"https:\/\/www.mishumi.com\/de\/wp-json\/wp\/v2\/product\/12840\/revisions\/13289"}],"wp:featuredmedia":[{"embeddable":true,"href":"https:\/\/www.mishumi.com\/de\/wp-json\/wp\/v2\/media\/12853"}],"wp:attachment":[{"href":"https:\/\/www.mishumi.com\/de\/wp-json\/wp\/v2\/media?parent=12840"}],"wp:term":[{"taxonomy":"product_brand","embeddable":true,"href":"https:\/\/www.mishumi.com\/de\/wp-json\/wp\/v2\/product_brand?post=12840"},{"taxonomy":"product_cat","embeddable":true,"href":"https:\/\/www.mishumi.com\/de\/wp-json\/wp\/v2\/product_cat?post=12840"},{"taxonomy":"product_tag","embeddable":true,"href":"https:\/\/www.mishumi.com\/de\/wp-json\/wp\/v2\/product_tag?post=12840"}],"curies":[{"name":"wp","href":"https:\/\/api.w.org\/{rel}","templated":true}]}}