{"id":13394,"date":"2025-07-15T18:02:49","date_gmt":"2025-07-15T16:02:49","guid":{"rendered":"https:\/\/www.mishumi.com\/shop\/leave-me-alone-hoodie\/"},"modified":"2025-07-15T18:30:55","modified_gmt":"2025-07-15T16:30:55","slug":"leave-me-alone-hoodie","status":"publish","type":"product","link":"https:\/\/www.mishumi.com\/de\/shop\/leave-me-alone-hoodie\/","title":{"rendered":"\ud83d\udda4 leavemealone Hoodie"},"content":{"rendered":"<p data-start=\"252\" data-end=\"282\"><strong data-start=\"252\" data-end=\"282\">Nicht b\u00f6se gemeint.<\/strong><\/p>\n<p data-start=\"284\" data-end=\"503\" class=\"translation-block\">Manchmal kann die Welt einfach warten.\nDer LeaveMeAlone-Hoodie ist kein Abblocken, sondern ein In-sich-Gehen. F\u00fcr ruhige Morgen, Kopfh\u00f6rer auf, alles andere ausblenden und nur bei dir selbst sein.<\/p>\n<p data-start=\"505\" data-end=\"668\">Weich au\u00dfen, noch weicher innen \u2013 wie eine sanfte Umarmung deiner eigenen Grenzen. Kein Small Talk. Kein Posteingang. Nur du, dein Raum und die s\u00fc\u00dfe Stille.<\/p>\n<p data-start=\"670\" data-end=\"782\">\ud83d\udda4 Minimaler Print, maximaler Frieden<br data-start=\"701\" data-end=\"704\" \/>\u2601\ufe0f Entspannter Schnitt<br data-start=\"718\" data-end=\"721\" \/>\ud83e\uddfa Zum Auftanken gemacht<br data-start=\"743\" data-end=\"746\" \/>\ud83e\udde1 Ethisch produziert f\u00fcr langsame Momente<\/p>\n<p data-start=\"784\" data-end=\"803\"><b>F\u00fcr Solo-Spazierg\u00e4nge, sanfte Playlists und Momente, in denen nichts anderes z\u00e4hlt.\u00a0<\/b><\/p>\n<p data-start=\"784\" data-end=\"803\">Details:<\/p>\n<p>100 % Bio-Baumwolle<br \/>\nStoffgewicht: 350 g\/m\u00b2 (10,32 oz.\/yd\u00b2)<br \/>\n\u2022 Regular fit<br \/>\nEingesetzte \u00c4rmel<br \/>\nDoppellagige Kapuze aus gleichem Stoff<br \/>\nK\u00e4ngurutasche vorne<br \/>\n\u2022 1\u00d71 rib at sleeve hem and bottom hem<br \/>\nEinfache Nahtverst\u00e4rkung am Halsausschnitt und an der Kapuzen\u00f6ffnung<br \/>\nMetall\u00f6sen<br \/>\nNackenband innen<br \/>\nHalbmond aus gleichem Stoff im Nackenbereich<br \/>\nStoff zertifiziert nach GRS (Global Recycled Standard), OCS (Organic Content Standard) und GOTS (Global Organic Textile Standard)<br \/>\nOEKO-TEX Standard 100 zertifiziert und PETA-Approved Vegan<br \/>\nRohprodukt aus Bangladesch<\/p>\n<p>Die Gr\u00f6\u00dfen fallen im Vergleich zum US-Markt kleiner aus. US-Kund:innen sollten daher eine Nummer gr\u00f6\u00dfer bestellen.<\/p>\n<p>Dieser Hoodie wird speziell f\u00fcr dich hergestellt, sobald du deine Bestellung aufgibst. Deshalb dauert die Lieferung etwas l\u00e4nger. Produktion auf Bestellung hilft, \u00dcberproduktion zu vermeiden \u2013 danke, dass du bewusst einkaufst!<\/p>\n<p>R\u00fcckverfolgbarkeit:<br \/>\n- Weberei: Bangladesch<br \/>\n- F\u00e4rbung: Bangladesch<br \/>\n- Herstellung: Bangladesch<br \/>\n- 100 % Bio-Baumwolle<br \/>\n- Enth\u00e4lt 0 % gef\u00e4hrliche Stoffe<\/p>\n<p>Altersbeschr\u00e4nkung: Erwachsene<br \/>\nEU-Garantie: 2 Jahre<br \/>\nWeitere Konformit\u00e4tshinweise: Entspricht den EU-REACH-Vorgaben<\/p>\n<p class=\"translation-block\">In compliance with the General Product Safety Regulation (GPSR), <b>Mishumi Studio<\/b> ensures that all consumer products offered are safe and meet EU standards. For any product safety related inquiries or concerns, please contact us at <b>help@mishumi.com<\/b> or write to us <b>Oberstr.3,<br>\r\n47829 Krefeld<br>\r\nGermany.<b><\/b><\/b><\/p>","protected":false},"excerpt":{"rendered":"<p data-start=\"252\" data-end=\"282\"><strong data-start=\"252\" data-end=\"282\">Nicht b\u00f6se gemeint.<\/strong><\/p>\n<p data-start=\"284\" data-end=\"503\" class=\"translation-block\">Manchmal kann die Welt einfach warten.\nDer LeaveMeAlone-Hoodie ist kein Abblocken, sondern ein In-sich-Gehen. F\u00fcr ruhige Morgen, Kopfh\u00f6rer auf, alles andere ausblenden und nur bei dir selbst sein.<\/p>\n<p data-start=\"505\" data-end=\"668\">Weich au\u00dfen, noch weicher innen \u2013 wie eine sanfte Umarmung deiner eigenen Grenzen. Kein Small Talk. Kein Posteingang. Nur du, dein Raum und die s\u00fc\u00dfe Stille.<\/p>\n<p data-start=\"784\" data-end=\"803\"><b>F\u00fcr Solo-Spazierg\u00e4nge, sanfte Playlists und Momente, in denen nichts anderes z\u00e4hlt.<\/b><\/p>","protected":false},"featured_media":13412,"comment_status":"open","ping_status":"closed","template":"","meta":[],"product_brand":[123],"product_cat":[63],"product_tag":[],"class_list":{"0":"post-13394","1":"product","2":"type-product","3":"status-publish","4":"has-post-thumbnail","6":"product_brand-mishumi","7":"product_cat-hoodie","9":"first","10":"instock","11":"taxable","12":"shipping-taxable","13":"purchasable","14":"product-type-variable","15":"has-default-attributes"},"yoast_head":"<!-- This site is optimized with the Yoast SEO plugin v26.3 - https:\/\/yoast.com\/wordpress\/plugins\/seo\/ -->\n<title>\ud83d\udda4 leavemealone Hoodie - Mishumi<\/title>\n<meta name=\"robots\" content=\"noindex, follow, max-snippet:-1, max-image-preview:large, max-video-preview:-1\" \/>\n<meta property=\"og:locale\" content=\"de_DE\" \/>\n<meta property=\"og:type\" content=\"article\" \/>\n<meta property=\"og:title\" content=\"\ud83d\udda4 leavemealone Hoodie - Mishumi\" \/>\n<meta property=\"og:description\" content=\"Not rude. Just recharging. Some days, the world can wait.The leavemealone hoodie isn\u2019t about shutting people out \u2014 it\u2019s about tuning into yourself. It\u2019s for quiet mornings, headphones in, and being unavailable for anything that drains you. Soft on the outside, softer on the inside \u2014 this piece wraps you in your boundaries. No small talk. No inbox. Just you, your space, and the sweet sound of silence. For solo walks and soft playlists.\" \/>\n<meta property=\"og:url\" content=\"https:\/\/www.mishumi.com\/de\/shop\/leave-me-alone-hoodie\/\" \/>\n<meta property=\"og:site_name\" content=\"Mishumi\" \/>\n<meta property=\"article:modified_time\" content=\"2025-07-15T16:30:55+00:00\" \/>\n<meta property=\"og:image\" content=\"https:\/\/www.mishumi.com\/wp-content\/uploads\/2025\/07\/unisex-essential-eco-hoodie-white-front-68767b975f980.jpg\" \/>\n\t<meta property=\"og:image:width\" content=\"2000\" \/>\n\t<meta property=\"og:image:height\" content=\"2000\" \/>\n\t<meta property=\"og:image:type\" content=\"image\/jpeg\" \/>\n<meta name=\"twitter:card\" content=\"summary_large_image\" \/>\n<meta name=\"twitter:label1\" content=\"Est. reading time\" \/>\n\t<meta name=\"twitter:data1\" content=\"2\u00a0Minuten\" \/>\n<script type=\"application\/ld+json\" class=\"yoast-schema-graph\">{\"@context\":\"https:\/\/schema.org\",\"@graph\":[{\"@type\":\"WebPage\",\"@id\":\"https:\/\/www.mishumi.com\/shop\/leave-me-alone-hoodie\/\",\"url\":\"https:\/\/www.mishumi.com\/shop\/leave-me-alone-hoodie\/\",\"name\":\"\ud83d\udda4 leavemealone Hoodie - Mishumi\",\"isPartOf\":{\"@id\":\"https:\/\/www.mishumi.com\/#website\"},\"primaryImageOfPage\":{\"@id\":\"https:\/\/www.mishumi.com\/shop\/leave-me-alone-hoodie\/#primaryimage\"},\"image\":{\"@id\":\"https:\/\/www.mishumi.com\/shop\/leave-me-alone-hoodie\/#primaryimage\"},\"thumbnailUrl\":\"https:\/\/www.mishumi.com\/wp-content\/uploads\/2025\/07\/unisex-essential-eco-hoodie-white-front-68767b975f980.jpg\",\"datePublished\":\"2025-07-15T16:02:49+00:00\",\"dateModified\":\"2025-07-15T16:30:55+00:00\",\"breadcrumb\":{\"@id\":\"https:\/\/www.mishumi.com\/shop\/leave-me-alone-hoodie\/#breadcrumb\"},\"inLanguage\":\"de\",\"potentialAction\":[{\"@type\":\"ReadAction\",\"target\":[\"https:\/\/www.mishumi.com\/shop\/leave-me-alone-hoodie\/\"]}]},{\"@type\":\"ImageObject\",\"inLanguage\":\"de\",\"@id\":\"https:\/\/www.mishumi.com\/shop\/leave-me-alone-hoodie\/#primaryimage\",\"url\":\"https:\/\/www.mishumi.com\/wp-content\/uploads\/2025\/07\/unisex-essential-eco-hoodie-white-front-68767b975f980.jpg\",\"contentUrl\":\"https:\/\/www.mishumi.com\/wp-content\/uploads\/2025\/07\/unisex-essential-eco-hoodie-white-front-68767b975f980.jpg\",\"width\":2000,\"height\":2000,\"caption\":\"hoodie-to-rrelax\"},{\"@type\":\"BreadcrumbList\",\"@id\":\"https:\/\/www.mishumi.com\/shop\/leave-me-alone-hoodie\/#breadcrumb\",\"itemListElement\":[{\"@type\":\"ListItem\",\"position\":1,\"name\":\"Home\",\"item\":\"https:\/\/www.mishumi.com\/\"},{\"@type\":\"ListItem\",\"position\":2,\"name\":\"Shop\",\"item\":\"https:\/\/www.mishumi.com\/shop\/\"},{\"@type\":\"ListItem\",\"position\":3,\"name\":\"\ud83d\udda4 leavemealone Hoodie\"}]},{\"@type\":\"WebSite\",\"@id\":\"https:\/\/www.mishumi.com\/#website\",\"url\":\"https:\/\/www.mishumi.com\/\",\"name\":\"Mishumi\",\"description\":\"World of Hoodie Lovers\",\"publisher\":{\"@id\":\"https:\/\/www.mishumi.com\/#organization\"},\"potentialAction\":[{\"@type\":\"SearchAction\",\"target\":{\"@type\":\"EntryPoint\",\"urlTemplate\":\"https:\/\/www.mishumi.com\/?s={search_term_string}\"},\"query-input\":{\"@type\":\"PropertyValueSpecification\",\"valueRequired\":true,\"valueName\":\"search_term_string\"}}],\"inLanguage\":\"de\"},{\"@type\":\"Organization\",\"@id\":\"https:\/\/www.mishumi.com\/#organization\",\"name\":\"Mishumi\",\"url\":\"https:\/\/www.mishumi.com\/\",\"logo\":{\"@type\":\"ImageObject\",\"inLanguage\":\"de\",\"@id\":\"https:\/\/www.mishumi.com\/#\/schema\/logo\/image\/\",\"url\":\"https:\/\/www.mishumi.com\/wp-content\/uploads\/2024\/08\/Logo_Mishumi.png\",\"contentUrl\":\"https:\/\/www.mishumi.com\/wp-content\/uploads\/2024\/08\/Logo_Mishumi.png\",\"width\":643,\"height\":282,\"caption\":\"Mishumi\"},\"image\":{\"@id\":\"https:\/\/www.mishumi.com\/#\/schema\/logo\/image\/\"}}]}<\/script>\n<!-- \/ Yoast SEO plugin. -->","yoast_head_json":{"title":"\ud83d\udda4 leavemealone Hoodie - Mishumi","robots":{"index":"noindex","follow":"follow","max-snippet":"max-snippet:-1","max-image-preview":"max-image-preview:large","max-video-preview":"max-video-preview:-1"},"og_locale":"de_DE","og_type":"article","og_title":"\ud83d\udda4 leavemealone Hoodie - Mishumi","og_description":"Not rude. Just recharging. Some days, the world can wait.The leavemealone hoodie isn\u2019t about shutting people out \u2014 it\u2019s about tuning into yourself. It\u2019s for quiet mornings, headphones in, and being unavailable for anything that drains you. Soft on the outside, softer on the inside \u2014 this piece wraps you in your boundaries. No small talk. No inbox. Just you, your space, and the sweet sound of silence. For solo walks and soft playlists.","og_url":"https:\/\/www.mishumi.com\/de\/shop\/leave-me-alone-hoodie\/","og_site_name":"Mishumi","article_modified_time":"2025-07-15T16:30:55+00:00","og_image":[{"width":2000,"height":2000,"url":"https:\/\/www.mishumi.com\/wp-content\/uploads\/2025\/07\/unisex-essential-eco-hoodie-white-front-68767b975f980.jpg","type":"image\/jpeg"}],"twitter_card":"summary_large_image","twitter_misc":{"Est. reading time":"2\u00a0Minuten"},"schema":{"@context":"https:\/\/schema.org","@graph":[{"@type":"WebPage","@id":"https:\/\/www.mishumi.com\/shop\/leave-me-alone-hoodie\/","url":"https:\/\/www.mishumi.com\/shop\/leave-me-alone-hoodie\/","name":"\ud83d\udda4 leavemealone Hoodie - Mishumi","isPartOf":{"@id":"https:\/\/www.mishumi.com\/#website"},"primaryImageOfPage":{"@id":"https:\/\/www.mishumi.com\/shop\/leave-me-alone-hoodie\/#primaryimage"},"image":{"@id":"https:\/\/www.mishumi.com\/shop\/leave-me-alone-hoodie\/#primaryimage"},"thumbnailUrl":"https:\/\/www.mishumi.com\/wp-content\/uploads\/2025\/07\/unisex-essential-eco-hoodie-white-front-68767b975f980.jpg","datePublished":"2025-07-15T16:02:49+00:00","dateModified":"2025-07-15T16:30:55+00:00","breadcrumb":{"@id":"https:\/\/www.mishumi.com\/shop\/leave-me-alone-hoodie\/#breadcrumb"},"inLanguage":"de","potentialAction":[{"@type":"ReadAction","target":["https:\/\/www.mishumi.com\/shop\/leave-me-alone-hoodie\/"]}]},{"@type":"ImageObject","inLanguage":"de","@id":"https:\/\/www.mishumi.com\/shop\/leave-me-alone-hoodie\/#primaryimage","url":"https:\/\/www.mishumi.com\/wp-content\/uploads\/2025\/07\/unisex-essential-eco-hoodie-white-front-68767b975f980.jpg","contentUrl":"https:\/\/www.mishumi.com\/wp-content\/uploads\/2025\/07\/unisex-essential-eco-hoodie-white-front-68767b975f980.jpg","width":2000,"height":2000,"caption":"hoodie-to-rrelax"},{"@type":"BreadcrumbList","@id":"https:\/\/www.mishumi.com\/shop\/leave-me-alone-hoodie\/#breadcrumb","itemListElement":[{"@type":"ListItem","position":1,"name":"Home","item":"https:\/\/www.mishumi.com\/"},{"@type":"ListItem","position":2,"name":"Shop","item":"https:\/\/www.mishumi.com\/shop\/"},{"@type":"ListItem","position":3,"name":"\ud83d\udda4 leavemealone Hoodie"}]},{"@type":"WebSite","@id":"https:\/\/www.mishumi.com\/#website","url":"https:\/\/www.mishumi.com\/","name":"Mishumi","description":"World of Hoodie Lovers","publisher":{"@id":"https:\/\/www.mishumi.com\/#organization"},"potentialAction":[{"@type":"SearchAction","target":{"@type":"EntryPoint","urlTemplate":"https:\/\/www.mishumi.com\/?s={search_term_string}"},"query-input":{"@type":"PropertyValueSpecification","valueRequired":true,"valueName":"search_term_string"}}],"inLanguage":"de"},{"@type":"Organization","@id":"https:\/\/www.mishumi.com\/#organization","name":"Mishumi","url":"https:\/\/www.mishumi.com\/","logo":{"@type":"ImageObject","inLanguage":"de","@id":"https:\/\/www.mishumi.com\/#\/schema\/logo\/image\/","url":"https:\/\/www.mishumi.com\/wp-content\/uploads\/2024\/08\/Logo_Mishumi.png","contentUrl":"https:\/\/www.mishumi.com\/wp-content\/uploads\/2024\/08\/Logo_Mishumi.png","width":643,"height":282,"caption":"Mishumi"},"image":{"@id":"https:\/\/www.mishumi.com\/#\/schema\/logo\/image\/"}}]}},"_links":{"self":[{"href":"https:\/\/www.mishumi.com\/de\/wp-json\/wp\/v2\/product\/13394","targetHints":{"allow":["GET"]}}],"collection":[{"href":"https:\/\/www.mishumi.com\/de\/wp-json\/wp\/v2\/product"}],"about":[{"href":"https:\/\/www.mishumi.com\/de\/wp-json\/wp\/v2\/types\/product"}],"replies":[{"embeddable":true,"href":"https:\/\/www.mishumi.com\/de\/wp-json\/wp\/v2\/comments?post=13394"}],"version-history":[{"count":3,"href":"https:\/\/www.mishumi.com\/de\/wp-json\/wp\/v2\/product\/13394\/revisions"}],"predecessor-version":[{"id":13416,"href":"https:\/\/www.mishumi.com\/de\/wp-json\/wp\/v2\/product\/13394\/revisions\/13416"}],"wp:featuredmedia":[{"embeddable":true,"href":"https:\/\/www.mishumi.com\/de\/wp-json\/wp\/v2\/media\/13412"}],"wp:attachment":[{"href":"https:\/\/www.mishumi.com\/de\/wp-json\/wp\/v2\/media?parent=13394"}],"wp:term":[{"taxonomy":"product_brand","embeddable":true,"href":"https:\/\/www.mishumi.com\/de\/wp-json\/wp\/v2\/product_brand?post=13394"},{"taxonomy":"product_cat","embeddable":true,"href":"https:\/\/www.mishumi.com\/de\/wp-json\/wp\/v2\/product_cat?post=13394"},{"taxonomy":"product_tag","embeddable":true,"href":"https:\/\/www.mishumi.com\/de\/wp-json\/wp\/v2\/product_tag?post=13394"}],"curies":[{"name":"wp","href":"https:\/\/api.w.org\/{rel}","templated":true}]}}