{"id":13524,"date":"2025-12-02T18:19:14","date_gmt":"2025-12-02T17:19:14","guid":{"rendered":"https:\/\/www.mishumi.com\/shop\/unisex-essential-eco-hoodie\/"},"modified":"2025-12-02T18:19:44","modified_gmt":"2025-12-02T17:19:44","slug":"unisex-essential-eco-hoodie","status":"publish","type":"product","link":"https:\/\/www.mishumi.com\/de\/shop\/unisex-essential-eco-hoodie\/","title":{"rendered":"Unisex essential eco hoodie"},"content":{"rendered":"<p>For those who prefer warm mugs, soft blankets, and peaceful evenings over crowded winter streets &#8211; no need to explain yourself.<\/p>\n<p>100 % Bio-Baumwolle<br \/>\nStoffgewicht: 350 g\/m\u00b2 (10,32 oz.\/yd\u00b2)<br \/>\n\u2022 Regular fit<br \/>\nEingesetzte \u00c4rmel<br \/>\nDoppellagige Kapuze aus gleichem Stoff<br \/>\nK\u00e4ngurutasche vorne<br \/>\n\u2022 1\u00d71 rib at sleeve hem and bottom hem<br \/>\nEinfache Nahtverst\u00e4rkung am Halsausschnitt und an der Kapuzen\u00f6ffnung<br \/>\nMetall\u00f6sen<br \/>\nNackenband innen<br \/>\nHalbmond aus gleichem Stoff im Nackenbereich<br \/>\nStoff zertifiziert nach GRS (Global Recycled Standard), OCS (Organic Content Standard) und GOTS (Global Organic Textile Standard)<br \/>\nOEKO-TEX Standard 100 zertifiziert und PETA-Approved Vegan<br \/>\nRohprodukt aus Bangladesch<\/p>\n<p>Die Gr\u00f6\u00dfen fallen im Vergleich zum US-Markt kleiner aus. US-Kund:innen sollten daher eine Nummer gr\u00f6\u00dfer bestellen.<\/p>\n<p>Dieser Hoodie wird speziell f\u00fcr dich hergestellt, sobald du deine Bestellung aufgibst. Deshalb dauert die Lieferung etwas l\u00e4nger. Produktion auf Bestellung hilft, \u00dcberproduktion zu vermeiden \u2013 danke, dass du bewusst einkaufst!<\/p>\n<p>R\u00fcckverfolgbarkeit:<br \/>\n- Weberei: Bangladesch<br \/>\n- F\u00e4rbung: Bangladesch<br \/>\n- Herstellung: Bangladesch<br \/>\n- 100 % Bio-Baumwolle<br \/>\n- Enth\u00e4lt 0 % gef\u00e4hrliche Stoffe<\/p>\n<p>Altersbeschr\u00e4nkung: Erwachsene<br \/>\nEU-Garantie: 2 Jahre<br \/>\nWeitere Konformit\u00e4tshinweise: Entspricht den EU-REACH-Vorgaben<\/p>\n<p>In compliance with the General Product Safety Regulation (GPSR), <b>Mishumi Studio<\/b> ensures that all consumer products offered are safe and meet EU standards. For any product safety related inquiries or concerns, please contact us at <b>info@mishumi.com<\/b> or write to us <b>Address: Oberstr.3,<br \/>\n47829 Krefeld<br \/>\nGermany.<b \/><\/p>","protected":false},"excerpt":{"rendered":"<p>For those who prefer warm mugs, soft blankets, and peaceful evenings over crowded winter streets &#8211; no need to explain yourself. \u2022 100% organic cotton \u2022 Fabric weight: 10.32 oz.\/yd.\u00b2 (350 g\/m\u00b2) \u2022 Regular fit \u2022 Set-in sleeves \u2022 Self-fabric double-layered hood \u2022 Front pouch pocket \u2022 1\u00d71 rib at sleeve hem and bottom hem [&hellip;]<\/p>","protected":false},"featured_media":13537,"comment_status":"open","ping_status":"closed","template":"","meta":[],"product_brand":[],"product_cat":[63],"product_tag":[],"class_list":{"0":"post-13524","1":"product","2":"type-product","3":"status-publish","4":"has-post-thumbnail","6":"product_cat-hoodie","8":"first","9":"instock","10":"taxable","11":"shipping-taxable","12":"purchasable","13":"product-type-variable"},"yoast_head":"<!-- This site is optimized with the Yoast SEO plugin v26.3 - https:\/\/yoast.com\/wordpress\/plugins\/seo\/ -->\n<title>Unisex essential eco hoodie - Mishumi<\/title>\n<meta name=\"robots\" content=\"noindex, follow, max-snippet:-1, max-image-preview:large, max-video-preview:-1\" \/>\n<meta property=\"og:locale\" content=\"de_DE\" \/>\n<meta property=\"og:type\" content=\"article\" \/>\n<meta property=\"og:title\" content=\"Unisex essential eco hoodie - Mishumi\" \/>\n<meta property=\"og:description\" content=\"For those who prefer warm mugs, soft blankets, and peaceful evenings over crowded winter streets &#8211; no need to explain yourself. \u2022 100% organic cotton \u2022 Fabric weight: 10.32 oz.\/yd.\u00b2 (350 g\/m\u00b2) \u2022 Regular fit \u2022 Set-in sleeves \u2022 Self-fabric double-layered hood \u2022 Front pouch pocket \u2022 1\u00d71 rib at sleeve hem and bottom hem [&hellip;]\" \/>\n<meta property=\"og:url\" content=\"https:\/\/www.mishumi.com\/de\/shop\/unisex-essential-eco-hoodie\/\" \/>\n<meta property=\"og:site_name\" content=\"Mishumi\" \/>\n<meta property=\"article:modified_time\" content=\"2025-12-02T17:19:44+00:00\" \/>\n<meta property=\"og:image\" content=\"https:\/\/www.mishumi.com\/wp-content\/uploads\/2025\/12\/unisex-essential-eco-hoodie-white-front-692f1f7c8890e.jpg\" \/>\n\t<meta property=\"og:image:width\" content=\"2000\" \/>\n\t<meta property=\"og:image:height\" content=\"2000\" \/>\n\t<meta property=\"og:image:type\" content=\"image\/jpeg\" \/>\n<meta name=\"twitter:card\" content=\"summary_large_image\" \/>\n<meta name=\"twitter:label1\" content=\"Est. reading time\" \/>\n\t<meta name=\"twitter:data1\" content=\"1\u00a0Minute\" \/>\n<script type=\"application\/ld+json\" class=\"yoast-schema-graph\">{\"@context\":\"https:\/\/schema.org\",\"@graph\":[{\"@type\":\"WebPage\",\"@id\":\"https:\/\/www.mishumi.com\/shop\/unisex-essential-eco-hoodie\/\",\"url\":\"https:\/\/www.mishumi.com\/shop\/unisex-essential-eco-hoodie\/\",\"name\":\"Unisex essential eco hoodie - Mishumi\",\"isPartOf\":{\"@id\":\"https:\/\/www.mishumi.com\/#website\"},\"primaryImageOfPage\":{\"@id\":\"https:\/\/www.mishumi.com\/shop\/unisex-essential-eco-hoodie\/#primaryimage\"},\"image\":{\"@id\":\"https:\/\/www.mishumi.com\/shop\/unisex-essential-eco-hoodie\/#primaryimage\"},\"thumbnailUrl\":\"https:\/\/www.mishumi.com\/wp-content\/uploads\/2025\/12\/unisex-essential-eco-hoodie-white-front-692f1f7c8890e.jpg\",\"datePublished\":\"2025-12-02T17:19:14+00:00\",\"dateModified\":\"2025-12-02T17:19:44+00:00\",\"breadcrumb\":{\"@id\":\"https:\/\/www.mishumi.com\/shop\/unisex-essential-eco-hoodie\/#breadcrumb\"},\"inLanguage\":\"de\",\"potentialAction\":[{\"@type\":\"ReadAction\",\"target\":[\"https:\/\/www.mishumi.com\/shop\/unisex-essential-eco-hoodie\/\"]}]},{\"@type\":\"ImageObject\",\"inLanguage\":\"de\",\"@id\":\"https:\/\/www.mishumi.com\/shop\/unisex-essential-eco-hoodie\/#primaryimage\",\"url\":\"https:\/\/www.mishumi.com\/wp-content\/uploads\/2025\/12\/unisex-essential-eco-hoodie-white-front-692f1f7c8890e.jpg\",\"contentUrl\":\"https:\/\/www.mishumi.com\/wp-content\/uploads\/2025\/12\/unisex-essential-eco-hoodie-white-front-692f1f7c8890e.jpg\",\"width\":2000,\"height\":2000},{\"@type\":\"BreadcrumbList\",\"@id\":\"https:\/\/www.mishumi.com\/shop\/unisex-essential-eco-hoodie\/#breadcrumb\",\"itemListElement\":[{\"@type\":\"ListItem\",\"position\":1,\"name\":\"Home\",\"item\":\"https:\/\/www.mishumi.com\/\"},{\"@type\":\"ListItem\",\"position\":2,\"name\":\"Shop\",\"item\":\"https:\/\/www.mishumi.com\/shop\/\"},{\"@type\":\"ListItem\",\"position\":3,\"name\":\"Unisex essential eco hoodie\"}]},{\"@type\":\"WebSite\",\"@id\":\"https:\/\/www.mishumi.com\/#website\",\"url\":\"https:\/\/www.mishumi.com\/\",\"name\":\"Mishumi\",\"description\":\"World of Hoodie Lovers\",\"publisher\":{\"@id\":\"https:\/\/www.mishumi.com\/#organization\"},\"potentialAction\":[{\"@type\":\"SearchAction\",\"target\":{\"@type\":\"EntryPoint\",\"urlTemplate\":\"https:\/\/www.mishumi.com\/?s={search_term_string}\"},\"query-input\":{\"@type\":\"PropertyValueSpecification\",\"valueRequired\":true,\"valueName\":\"search_term_string\"}}],\"inLanguage\":\"de\"},{\"@type\":\"Organization\",\"@id\":\"https:\/\/www.mishumi.com\/#organization\",\"name\":\"Mishumi\",\"url\":\"https:\/\/www.mishumi.com\/\",\"logo\":{\"@type\":\"ImageObject\",\"inLanguage\":\"de\",\"@id\":\"https:\/\/www.mishumi.com\/#\/schema\/logo\/image\/\",\"url\":\"https:\/\/www.mishumi.com\/wp-content\/uploads\/2024\/08\/Logo_Mishumi.png\",\"contentUrl\":\"https:\/\/www.mishumi.com\/wp-content\/uploads\/2024\/08\/Logo_Mishumi.png\",\"width\":643,\"height\":282,\"caption\":\"Mishumi\"},\"image\":{\"@id\":\"https:\/\/www.mishumi.com\/#\/schema\/logo\/image\/\"}}]}<\/script>\n<!-- \/ Yoast SEO plugin. -->","yoast_head_json":{"title":"Unisex essential eco hoodie - Mishumi","robots":{"index":"noindex","follow":"follow","max-snippet":"max-snippet:-1","max-image-preview":"max-image-preview:large","max-video-preview":"max-video-preview:-1"},"og_locale":"de_DE","og_type":"article","og_title":"Unisex essential eco hoodie - Mishumi","og_description":"For those who prefer warm mugs, soft blankets, and peaceful evenings over crowded winter streets &#8211; no need to explain yourself. \u2022 100% organic cotton \u2022 Fabric weight: 10.32 oz.\/yd.\u00b2 (350 g\/m\u00b2) \u2022 Regular fit \u2022 Set-in sleeves \u2022 Self-fabric double-layered hood \u2022 Front pouch pocket \u2022 1\u00d71 rib at sleeve hem and bottom hem [&hellip;]","og_url":"https:\/\/www.mishumi.com\/de\/shop\/unisex-essential-eco-hoodie\/","og_site_name":"Mishumi","article_modified_time":"2025-12-02T17:19:44+00:00","og_image":[{"width":2000,"height":2000,"url":"https:\/\/www.mishumi.com\/wp-content\/uploads\/2025\/12\/unisex-essential-eco-hoodie-white-front-692f1f7c8890e.jpg","type":"image\/jpeg"}],"twitter_card":"summary_large_image","twitter_misc":{"Est. reading time":"1\u00a0Minute"},"schema":{"@context":"https:\/\/schema.org","@graph":[{"@type":"WebPage","@id":"https:\/\/www.mishumi.com\/shop\/unisex-essential-eco-hoodie\/","url":"https:\/\/www.mishumi.com\/shop\/unisex-essential-eco-hoodie\/","name":"Unisex essential eco hoodie - Mishumi","isPartOf":{"@id":"https:\/\/www.mishumi.com\/#website"},"primaryImageOfPage":{"@id":"https:\/\/www.mishumi.com\/shop\/unisex-essential-eco-hoodie\/#primaryimage"},"image":{"@id":"https:\/\/www.mishumi.com\/shop\/unisex-essential-eco-hoodie\/#primaryimage"},"thumbnailUrl":"https:\/\/www.mishumi.com\/wp-content\/uploads\/2025\/12\/unisex-essential-eco-hoodie-white-front-692f1f7c8890e.jpg","datePublished":"2025-12-02T17:19:14+00:00","dateModified":"2025-12-02T17:19:44+00:00","breadcrumb":{"@id":"https:\/\/www.mishumi.com\/shop\/unisex-essential-eco-hoodie\/#breadcrumb"},"inLanguage":"de","potentialAction":[{"@type":"ReadAction","target":["https:\/\/www.mishumi.com\/shop\/unisex-essential-eco-hoodie\/"]}]},{"@type":"ImageObject","inLanguage":"de","@id":"https:\/\/www.mishumi.com\/shop\/unisex-essential-eco-hoodie\/#primaryimage","url":"https:\/\/www.mishumi.com\/wp-content\/uploads\/2025\/12\/unisex-essential-eco-hoodie-white-front-692f1f7c8890e.jpg","contentUrl":"https:\/\/www.mishumi.com\/wp-content\/uploads\/2025\/12\/unisex-essential-eco-hoodie-white-front-692f1f7c8890e.jpg","width":2000,"height":2000},{"@type":"BreadcrumbList","@id":"https:\/\/www.mishumi.com\/shop\/unisex-essential-eco-hoodie\/#breadcrumb","itemListElement":[{"@type":"ListItem","position":1,"name":"Home","item":"https:\/\/www.mishumi.com\/"},{"@type":"ListItem","position":2,"name":"Shop","item":"https:\/\/www.mishumi.com\/shop\/"},{"@type":"ListItem","position":3,"name":"Unisex essential eco hoodie"}]},{"@type":"WebSite","@id":"https:\/\/www.mishumi.com\/#website","url":"https:\/\/www.mishumi.com\/","name":"Mishumi","description":"World of Hoodie Lovers","publisher":{"@id":"https:\/\/www.mishumi.com\/#organization"},"potentialAction":[{"@type":"SearchAction","target":{"@type":"EntryPoint","urlTemplate":"https:\/\/www.mishumi.com\/?s={search_term_string}"},"query-input":{"@type":"PropertyValueSpecification","valueRequired":true,"valueName":"search_term_string"}}],"inLanguage":"de"},{"@type":"Organization","@id":"https:\/\/www.mishumi.com\/#organization","name":"Mishumi","url":"https:\/\/www.mishumi.com\/","logo":{"@type":"ImageObject","inLanguage":"de","@id":"https:\/\/www.mishumi.com\/#\/schema\/logo\/image\/","url":"https:\/\/www.mishumi.com\/wp-content\/uploads\/2024\/08\/Logo_Mishumi.png","contentUrl":"https:\/\/www.mishumi.com\/wp-content\/uploads\/2024\/08\/Logo_Mishumi.png","width":643,"height":282,"caption":"Mishumi"},"image":{"@id":"https:\/\/www.mishumi.com\/#\/schema\/logo\/image\/"}}]}},"_links":{"self":[{"href":"https:\/\/www.mishumi.com\/de\/wp-json\/wp\/v2\/product\/13524","targetHints":{"allow":["GET"]}}],"collection":[{"href":"https:\/\/www.mishumi.com\/de\/wp-json\/wp\/v2\/product"}],"about":[{"href":"https:\/\/www.mishumi.com\/de\/wp-json\/wp\/v2\/types\/product"}],"replies":[{"embeddable":true,"href":"https:\/\/www.mishumi.com\/de\/wp-json\/wp\/v2\/comments?post=13524"}],"version-history":[{"count":1,"href":"https:\/\/www.mishumi.com\/de\/wp-json\/wp\/v2\/product\/13524\/revisions"}],"predecessor-version":[{"id":13543,"href":"https:\/\/www.mishumi.com\/de\/wp-json\/wp\/v2\/product\/13524\/revisions\/13543"}],"wp:featuredmedia":[{"embeddable":true,"href":"https:\/\/www.mishumi.com\/de\/wp-json\/wp\/v2\/media\/13537"}],"wp:attachment":[{"href":"https:\/\/www.mishumi.com\/de\/wp-json\/wp\/v2\/media?parent=13524"}],"wp:term":[{"taxonomy":"product_brand","embeddable":true,"href":"https:\/\/www.mishumi.com\/de\/wp-json\/wp\/v2\/product_brand?post=13524"},{"taxonomy":"product_cat","embeddable":true,"href":"https:\/\/www.mishumi.com\/de\/wp-json\/wp\/v2\/product_cat?post=13524"},{"taxonomy":"product_tag","embeddable":true,"href":"https:\/\/www.mishumi.com\/de\/wp-json\/wp\/v2\/product_tag?post=13524"}],"curies":[{"name":"wp","href":"https:\/\/api.w.org\/{rel}","templated":true}]}}